{"id":6203,"date":"2022-10-13T11:58:50","date_gmt":"2022-10-13T14:58:50","guid":{"rendered":"https:\/\/ceasiaufpe.com.br\/?page_id=6203"},"modified":"2024-10-30T09:57:02","modified_gmt":"2024-10-30T12:57:02","slug":"pesquisadores-associados-literatura-asiatica","status":"publish","type":"page","link":"https:\/\/ceasiaufpe.com.br\/?page_id=6203","title":{"rendered":"Pesquisadores Associados"},"content":{"rendered":"\t\t<div data-elementor-type=\"wp-page\" data-elementor-id=\"6203\" class=\"elementor elementor-6203\">\n\t\t\t\t\t\t\t\t\t<section class=\"has_eae_slider elementor-section elementor-top-section elementor-element elementor-element-e6023ba elementor-section-boxed elementor-section-height-default elementor-section-height-default\" data-id=\"e6023ba\" data-element_type=\"section\">\n\t\t\t\t\t\t<div class=\"elementor-container elementor-column-gap-default\">\n\t\t\t\t\t<div class=\"has_eae_slider elementor-column elementor-col-100 elementor-top-column elementor-element elementor-element-44c2bf3\" data-id=\"44c2bf3\" data-element_type=\"column\">\n\t\t\t<div class=\"elementor-widget-wrap elementor-element-populated\">\n\t\t\t\t\t\t\t\t<div class=\"elementor-element elementor-element-a6c3e3a elementor-widget elementor-widget-text-editor\" data-id=\"a6c3e3a\" data-element_type=\"widget\" data-widget_type=\"text-editor.default\">\n\t\t\t\t<div class=\"elementor-widget-container\">\n\t\t\t<style>\/*! elementor - v3.6.2 - 04-04-2022 *\/\n.elementor-widget-text-editor.elementor-drop-cap-view-stacked .elementor-drop-cap{background-color:#818a91;color:#fff}.elementor-widget-text-editor.elementor-drop-cap-view-framed .elementor-drop-cap{color:#818a91;border:3px solid;background-color:transparent}.elementor-widget-text-editor:not(.elementor-drop-cap-view-default) .elementor-drop-cap{margin-top:8px}.elementor-widget-text-editor:not(.elementor-drop-cap-view-default) .elementor-drop-cap-letter{width:1em;height:1em}.elementor-widget-text-editor .elementor-drop-cap{float:left;text-align:center;line-height:1;font-size:50px}.elementor-widget-text-editor .elementor-drop-cap-letter{display:inline-block}<\/style>\t\t\t\t<p><span dir=\"ltr\" style=\"font-size: 1.2em; font-weight: bold;\" role=\"presentation\"><span style=\"vertical-align: inherit;\"><span style=\"vertical-align: inherit;\">Cleiton Calebe <\/span><\/span><\/span> <span dir=\"ltr\" style=\"font-size: 1.2em; font-weight: bold;\" role=\"presentation\"><span style=\"vertical-align: inherit;\"><span style=\"vertical-align: inherit;\">da Silva Guerra<\/span><\/span><\/span><\/p><ul><li><span dir=\"ltr\" role=\"presentation\"><span style=\"vertical-align: inherit;\"><span style=\"vertical-align: inherit;\">Doutorando bolsista pelo Minist\u00e9rio <\/span><\/span><\/span> <span dir=\"ltr\" role=\"presentation\"><span style=\"vertical-align: inherit;\"><span style=\"vertical-align: inherit;\">da Educa\u00e7\u00e3o Chin\u00eas na Universidade de Wuhan na \u00e1rea de Literatura <\/span><\/span><\/span><span dir=\"ltr\" role=\"presentation\"><span style=\"vertical-align: inherit;\"><span style=\"vertical-align: inherit;\">Cl\u00e1ssica Chinesa, <\/span><\/span><\/span> <span dir=\"ltr\" role=\"presentation\"><span style=\"vertical-align: inherit;\"><span style=\"vertical-align: inherit;\">na linha de pesquisa em Literatura Cl\u00e1ssica Confucionista e Tao\u00edsta.<\/span><\/span><\/span><\/li><li><span dir=\"ltr\" role=\"presentation\"><span style=\"vertical-align: inherit;\"><span style=\"vertical-align: inherit;\">Mestre em Literatura <\/span><\/span><\/span><span dir=\"ltr\" role=\"presentation\"><span style=\"vertical-align: inherit;\"><span style=\"vertical-align: inherit;\">Cl\u00e1ssica Chinesa pela Universidade de Wuhan, China.<\/span><\/span><\/span><\/li><li><span dir=\"ltr\" role=\"presentation\"><span style=\"vertical-align: inherit;\"><span style=\"vertical-align: inherit;\">Graduado em Letras <\/span><\/span><\/span><span dir=\"ltr\" role=\"presentation\"><span style=\"vertical-align: inherit;\"><span style=\"vertical-align: inherit;\">&#8211; <\/span><\/span><\/span><span dir=\"ltr\" role=\"presentation\"><span style=\"vertical-align: inherit;\"><span style=\"vertical-align: inherit;\">Mandarim e Literatura Chinesa <\/span><\/span><\/span><span dir=\"ltr\" role=\"presentation\"><span style=\"vertical-align: inherit;\"><span style=\"vertical-align: inherit;\">pela Universidade JiaoTong de Xi&#8217;an, China.\u00a0<\/span><\/span><\/span><\/li><li><span dir=\"ltr\" role=\"presentation\"><span style=\"vertical-align: inherit;\"><span style=\"vertical-align: inherit;\">Criador do <\/span><\/span><\/span> <span dir=\"ltr\" role=\"presentation\"><span style=\"vertical-align: inherit;\"><span style=\"vertical-align: inherit;\">poscast <\/span><\/span><\/span> <span dir=\"ltr\" role=\"presentation\"><span style=\"vertical-align: inherit;\"><span style=\"vertical-align: inherit;\">BiYiNiao do Livro sobre cultura chinesa <\/span><\/span><\/span><br role=\"presentation\" \/><span dir=\"ltr\" role=\"presentation\"><span style=\"vertical-align: inherit;\"><span style=\"vertical-align: inherit;\">cl\u00e1ssica e seus desdobramentos.<\/span><\/span><\/span><\/li><\/ul><h5><span dir=\"ltr\" role=\"presentation\"><span style=\"vertical-align: inherit;\"><span style=\"vertical-align: inherit;\">Carlos <\/span><\/span><\/span> <span dir=\"ltr\" role=\"presentation\"><span style=\"vertical-align: inherit;\"><span style=\"vertical-align: inherit;\">Ribeiro Caldas Neto<\/span><\/span><\/span><\/h5><ul><li><div role=\"region\" data-page-number=\"3\" aria-label=\"P\u00e1gina 3\" data-loaded=\"true\"><div><span dir=\"ltr\" role=\"presentation\"><span style=\"vertical-align: inherit;\"><span style=\"vertical-align: inherit;\">Professor de l\u00edngua chinesa do Instituto Conf\u00facio da UNESP.\u00a0<\/span><\/span><\/span><\/div><\/div><\/li><li><div><span dir=\"ltr\" role=\"presentation\"><span style=\"vertical-align: inherit;\"><span style=\"vertical-align: inherit;\">Gradua\u00e7\u00e3o em Letras, com habilita\u00e7\u00e3o em <\/span><\/span><\/span><span dir=\"ltr\" role=\"presentation\"><span style=\"vertical-align: inherit;\"><span style=\"vertical-align: inherit;\">l\u00edngua e literatura chinesa (USP) e <\/span><\/span><\/span><span dir=\"ltr\" role=\"presentation\"><span style=\"vertical-align: inherit;\"><span style=\"vertical-align: inherit;\">Estudou l\u00edngua chinesa <\/span><\/span><\/span><span dir=\"ltr\" role=\"presentation\"><span style=\"vertical-align: inherit;\"><span style=\"vertical-align: inherit;\">na Hubei University.<\/span><\/span><\/span><\/div><\/li><\/ul><div><h5 style=\"font-family: Lato, sans-serif; text-align: start;\"><span style=\"vertical-align: inherit;\"><span style=\"vertical-align: inherit;\">M\u00e1rcia Luiza Cruz Aguirre<\/span><\/span><\/h5><ul><li style=\"font-size: 17px;\"><div role=\"region\" data-page-number=\"3\" aria-label=\"P\u00e1gina 3\" data-loaded=\"true\"><span style=\"vertical-align: inherit;\"><span style=\"vertical-align: inherit;\">Bacharel em Rela\u00e7\u00f5es Internacionais (UNIPAMPA).<\/span><\/span><\/div><\/li><li style=\"font-size: 17px;\"><div role=\"region\" data-page-number=\"3\" aria-label=\"P\u00e1gina 3\" data-loaded=\"true\"><span style=\"vertical-align: inherit;\"><span style=\"vertical-align: inherit;\">P\u00f3s-graduada em Desenvolvimento Territorial e Agroecologia (UERGS) e em Rela\u00e7\u00f5es Internacionais Contempor\u00e2neas (UNIPAMPA).<\/span><\/span><\/div><\/li><li style=\"font-size: 17px;\"><div role=\"region\" data-page-number=\"3\" aria-label=\"P\u00e1gina 3\" data-loaded=\"true\"><span style=\"font-family: inherit; text-align: inherit;\"><span style=\"vertical-align: inherit;\"><span style=\"vertical-align: inherit;\">Mestranda pelo programa de p\u00f3s-gradua\u00e7\u00e3o em Economia do Desenvolvimento pela PUCRS.\u00a0<\/span><\/span><\/span><\/div><\/li><li style=\"font-size: 17px;\"><div role=\"region\" data-page-number=\"3\" aria-label=\"P\u00e1gina 3\" data-loaded=\"true\"><span style=\"font-family: inherit; text-align: inherit;\"><span style=\"vertical-align: inherit;\"><span style=\"vertical-align: inherit;\">Embora pesquise sobre agricultura e meio ambiente dentro da Economia e das Rela\u00e7\u00f5es Internacionais, tem como hobby ler autores asi\u00e1ticos, principalmente do oriente m\u00e9dio, leste e sudeste da \u00c1sia.<\/span><\/span><\/span><\/div><\/li><\/ul><h5><span style=\"vertical-align: inherit;\"><span style=\"vertical-align: inherit;\">Heliane Ferreira<\/span><\/span><\/h5><ul><li><div role=\"region\" data-page-number=\"3\" aria-label=\"P\u00e1gina 3\" data-loaded=\"true\"><span style=\"vertical-align: inherit;\"><span style=\"vertical-align: inherit;\">Licenciada em Hist\u00f3ria pela Universidade Est\u00e1cio de S\u00e1 (2018).<\/span><\/span><\/div><\/li><li><span style=\"vertical-align: inherit;\"><span style=\"vertical-align: inherit;\">P\u00f3s-gradua\u00e7\u00e3o Latu Senso CEHAN pelo N\u00facleo de Estudos da Antiguidade NEAUERJ-CEHAN (ouvinte 2013) e <\/span><\/span><br \/><span style=\"vertical-align: inherit;\"><span style=\"vertical-align: inherit;\">Pesquisadora NEA-UERJ em pesquisa Gr\u00e9cia s\u00e9culos IV-V (2016-2018).<\/span><\/span><\/li><li><span style=\"vertical-align: inherit;\"><span style=\"vertical-align: inherit;\">Participou do grupo de pesquisa certificado pelo CNPq \u201cEscritas da Hist\u00f3ria\u201d no Museu Hist\u00f3rico Nacional e integrante do grupo de estudo do Semin\u00e1rio Permanente no Museu Hist\u00f3rico Nacional (2017-2021).<\/span><\/span><\/li><li><div role=\"region\" data-page-number=\"3\" aria-label=\"P\u00e1gina 3\" data-loaded=\"true\"><span style=\"vertical-align: inherit;\"><span style=\"vertical-align: inherit;\">Atualmente leciona na \u00e1rea de escrita criativa, roteiros para produ\u00e7\u00e3o independente de \u00e1udio visual e cinema. Prestadora de servi\u00e7os e orienta\u00e7\u00f5es para autores independentes na produ\u00e7\u00e3o de conte\u00fado para as m\u00eddias sociais. Divulga\u00e7\u00e3o de produ\u00e7\u00e3o independente para produtores na rede social.<\/span><\/span><\/div><\/li><\/ul><div>\u00a0<\/div><h5><span style=\"vertical-align: inherit;\"><span style=\"vertical-align: inherit;\">Scarlett Siqueira do Valle<\/span><\/span><\/h5><ul><li><span style=\"vertical-align: inherit;\"><span style=\"vertical-align: inherit;\">Doutoranda em Comunica\u00e7\u00e3o e Semi\u00f3tica pela PUC-SP. Membro do Centro de Estudos Orientais da PUC-SP coordenado pela Professora Dra. Cristina Greiner.<\/span><\/span><\/li><li><span style=\"vertical-align: inherit;\"><span style=\"vertical-align: inherit;\">Bolsista CAPES<\/span><\/span><\/li><li><span style=\"vertical-align: inherit;\"><span style=\"vertical-align: inherit;\">Mestre em Artes da Cena na Escola Superior de Artes C\u00e9lia Helena &#8211; SP, com o tema No Caminho do Bushido Encontrei Hana Sakura.<\/span><\/span><\/li><li><span style=\"vertical-align: inherit;\"><span style=\"vertical-align: inherit;\">Idealiza\u00e7\u00e3o, Dramaturgia e Dire\u00e7\u00e3o do Mon\u00f3logo Sobre Meyerhold com o ator Patrick Villela com temporada no m\u00eas de junho de 2019 no Viga Espa\u00e7o C\u00eanico.<\/span><\/span><\/li><li><span style=\"vertical-align: inherit;\"><span style=\"vertical-align: inherit;\">Coordenadora e diretora do Grupo de Estudos do Mestrado &#8220;A M\u00e1scara e o Corpo&#8221; que trabalhou com o corpo de marionetes e bonecos, como por exemplo o estilo Ningyo buri do Teatro Kabuki inspirado no Teatro Bunraku <\/span><\/span><br \/><span style=\"vertical-align: inherit;\"><span style=\"vertical-align: inherit;\">entre 201-2019.<\/span><\/span><\/li><\/ul><h5><span style=\"vertical-align: inherit;\"><span style=\"vertical-align: inherit;\">Xiong Ziwei<\/span><\/span><\/h5><ul><li><span style=\"vertical-align: inherit;\"><span style=\"vertical-align: inherit;\">Mestranda no Programa de Legas da USP.<\/span><\/span><\/li><li><span style=\"vertical-align: inherit;\"><span style=\"vertical-align: inherit;\">Professora de Mandarim do Instituto Conf\u00facio UNESP.<\/span><\/span><\/li><li><span style=\"vertical-align: inherit;\"><span style=\"vertical-align: inherit;\">\u00a0Pesquisadora Residente em Observa China (Think Thank).<\/span><\/span><\/li><li><span style=\"vertical-align: inherit;\"><span style=\"vertical-align: inherit;\">Ex-bolsista do Minist\u00e9rio das Rela\u00e7\u00f5es Exteriores de Taiwan (MOFA) e do Fundo de Taiwan para o Desenvolvimento e Coopera\u00e7\u00e3o Internacional (FDCIT).<\/span><\/span><\/li><\/ul><h5><strong><span style=\"vertical-align: inherit;\"><span style=\"vertical-align: inherit;\">\u00c1lvaro Lima\u00a0<\/span><\/span><\/strong><\/h5><ul><li><span style=\"vertical-align: inherit;\"><span style=\"vertical-align: inherit;\">Engenharia da Computa\u00e7\u00e3o (UFPE).<\/span><\/span><\/li><li><span style=\"vertical-align: inherit;\"><span style=\"vertical-align: inherit;\">e-mail: alvaro.oliverlima@gmail.com<\/span><\/span><\/li><\/ul><h5><strong><span style=\"vertical-align: inherit;\"><span style=\"vertical-align: inherit;\">Maria \u00c9lida de Souza Santos<\/span><\/span><\/strong><\/h5><ul><li><span style=\"vertical-align: inherit;\"><span style=\"vertical-align: inherit;\">Graduanda em Licenciatura em Letras &#8211; <\/span><\/span><br \/><span style=\"vertical-align: inherit;\"><span style=\"vertical-align: inherit;\">Portugu\u00eas-Ingl\u00eas, pelo Instituto Federal de Educa\u00e7\u00e3o, Ci\u00eancia e Tecnologia do Cear\u00e1.<\/span><\/span><\/li><li><span style=\"vertical-align: inherit;\"><span style=\"vertical-align: inherit;\">e-mail pesquisadoraelidasouza@gmail.com<\/span><\/span><\/li><\/ul><h5><strong><span style=\"vertical-align: inherit;\"><span style=\"vertical-align: inherit;\">Maria Luiza Mello<\/span><\/span><\/strong><\/h5><ul><li><span style=\"vertical-align: inherit;\"><span style=\"vertical-align: inherit;\">Laval (Mayenne) \u2013 Fran\u00e7a.<\/span><\/span><\/li><li><span style=\"vertical-align: inherit;\"><span style=\"vertical-align: inherit;\">e-mail: studygrampolyglotte@gmail.com<\/span><\/span><\/li><\/ul><h5><strong><span style=\"vertical-align: inherit;\"><span style=\"vertical-align: inherit;\">Ana Clara Assis<\/span><\/span><\/strong><\/h5><ul><li><span style=\"vertical-align: inherit;\"><span style=\"vertical-align: inherit;\">Designer, Belo Horizonte (MG).<\/span><\/span><\/li><li><span style=\"vertical-align: inherit;\"><span style=\"vertical-align: inherit;\">e-mail: contato.topik1br@gmail.com<\/span><\/span><\/li><\/ul><h5><strong><span style=\"vertical-align: inherit;\"><span style=\"vertical-align: inherit;\">Vit\u00f3ria Salete Soares Ribeiro de Souza Baptista<\/span><\/span><\/strong><\/h5><ul><li><span style=\"vertical-align: inherit;\"><span style=\"vertical-align: inherit;\">Graduanda em Direito, Faculdade de Educa\u00e7\u00e3o Internacional da Universidade de Xangai.<\/span><\/span><\/li><li><span style=\"vertical-align: inherit;\"><span style=\"vertical-align: inherit;\">e-mail: vitoriasaletesoares@gmail.com<\/span><\/span><\/li><\/ul><h5><strong><span style=\"vertical-align: inherit;\"><span style=\"vertical-align: inherit;\">Gladhys Eliona Syahutari<\/span><\/span><\/strong><\/h5><ul><li><span style=\"vertical-align: inherit;\"><span style=\"vertical-align: inherit;\">Escritora, Pesquisadora e Tradutora.<\/span><\/span><\/li><li><span style=\"vertical-align: inherit;\"><span style=\"vertical-align: inherit;\">Universidade Gadjah Mada (2022).<\/span><\/span><\/li><li><span style=\"vertical-align: inherit;\"><span style=\"vertical-align: inherit;\">Universitas Indon\u00e9sia (2017), Jacarta &#8211; Indon\u00e9sia.<\/span><\/span><\/li><li><span style=\"vertical-align: inherit;\"><span style=\"vertical-align: inherit;\">e-mail syahtari@gmail.com<\/span><\/span><\/li><\/ul><\/div>\t\t\t\t\t\t<\/div>\n\t\t\t\t<\/div>\n\t\t\t\t<div class=\"elementor-element elementor-element-96e985c elementor-widget elementor-widget-text-editor\" data-id=\"96e985c\" data-element_type=\"widget\" data-widget_type=\"text-editor.default\">\n\t\t\t\t<div class=\"elementor-widget-container\">\n\t\t\t\t\t\t\t<p><span dir=\"ltr\" style=\"color: transparent; position: absolute; white-space: pre; cursor: text; transform-origin: 0% 0%; background-color: #f4f5f7; left: 113.28px; top: 640.669px; font-size: 16px; font-family: sans-serif; transform: scaleX(0.89237);\" role=\"presentation\">M\u00f4nica de Lourdes Neves Santana<\/span> <span dir=\"ltr\" style=\"color: transparent; position: absolute; white-space: pre; cursor: text; transform-origin: 0% 0%; background-color: #f4f5f7; left: 340.319px; top: 640.669px; font-size: 16px; font-family: sans-serif; transform: scaleX(0.907267);\" role=\"presentation\">(Curadora)<\/span> <span dir=\"ltr\" style=\"color: transparent; position: absolute; white-space: pre; cursor: text; transform-origin: 0% 0%; background-color: #f4f5f7; left: 410.56px; top: 640.107px; font-size: 10.56px; font-family: monospace;\" role=\"presentation\">5<\/span> <span dir=\"ltr\" style=\"color: transparent; position: absolute; white-space: pre; cursor: text; transform-origin: 0% 0%; background-color: #f4f5f7; left: 419.947px; top: 640.669px; font-size: 16px; font-family: sans-serif;\" role=\"presentation\">\u2013<\/span> <span dir=\"ltr\" style=\"color: transparent; position: absolute; white-space: pre; cursor: text; transform-origin: 0% 0%; background-color: #f4f5f7; left: 431.947px; top: 640.669px; font-size: 16px; font-family: sans-serif;\" role=\"presentation\">e<\/span><span dir=\"ltr\" style=\"color: transparent; position: absolute; white-space: pre; cursor: text; transform-origin: 0% 0%; background-color: #f4f5f7; left: 439.048px; top: 640.669px; font-size: 16px; font-family: sans-serif;\" role=\"presentation\">&#8211;<\/span><span dir=\"ltr\" style=\"color: transparent; position: absolute; white-space: pre; cursor: text; transform-origin: 0% 0%; background-color: #f4f5f7; left: 444.376px; top: 640.669px; font-size: 16px; font-family: sans-serif; transform: scaleX(0.969732);\" role=\"presentation\">mail<\/span> <span dir=\"ltr\" style=\"color: transparent; position: absolute; white-space: pre; cursor: text; transform-origin: 0% 0%; background-color: #f4f5f7; left: 476.822px; top: 640.669px; font-size: 16px; font-family: sans-serif; transform: scaleX(0.907934);\" role=\"presentation\">m@detroz.com<\/span><\/p><span role=\"presentation\" dir=\"ltr\" style=\"color: transparent; position: absolute; white-space: pre; cursor: text; transform-origin: 0% 0%; background-color: rgb(244, 245, 247); left: 113.28px; top: 640.669px; font-size: 16px; font-family: sans-serif; transform: scaleX(0.89237);\">M\u00f4nica de Lourdes Neves Santana<\/span><span role=\"presentation\" dir=\"ltr\" style=\"color: transparent; position: absolute; white-space: pre; cursor: text; transform-origin: 0% 0%; background-color: rgb(244, 245, 247); left: 336.317px; top: 640.669px; font-size: 16px; font-family: sans-serif;\"> <\/span><span role=\"presentation\" dir=\"ltr\" style=\"color: transparent; position: absolute; white-space: pre; cursor: text; transform-origin: 0% 0%; background-color: rgb(244, 245, 247); left: 340.319px; top: 640.669px; font-size: 16px; font-family: sans-serif; transform: scaleX(0.907267);\">(Curadora)<\/span><span role=\"presentation\" dir=\"ltr\" style=\"color: transparent; position: absolute; white-space: pre; cursor: text; transform-origin: 0% 0%; background-color: rgb(244, 245, 247); left: 410.505px; top: 640.669px; font-size: 16px; font-family: sans-serif;\"> <\/span><span role=\"presentation\" dir=\"ltr\" style=\"color: transparent; position: absolute; white-space: pre; cursor: text; transform-origin: 0% 0%; background-color: rgb(244, 245, 247); left: 410.56px; top: 640.107px; font-size: 10.56px; font-family: monospace;\">5<\/span><span role=\"presentation\" dir=\"ltr\" style=\"color: transparent; position: absolute; white-space: pre; cursor: text; transform-origin: 0% 0%; background-color: rgb(244, 245, 247); left: 415.84px; top: 640.107px; font-size: 10.56px; font-family: monospace;\"> <\/span><span role=\"presentation\" dir=\"ltr\" style=\"color: transparent; position: absolute; white-space: pre; cursor: text; transform-origin: 0% 0%; background-color: rgb(244, 245, 247); left: 419.947px; top: 640.669px; font-size: 16px; font-family: sans-serif;\">\u2013<\/span><span role=\"presentation\" dir=\"ltr\" style=\"color: transparent; position: absolute; white-space: pre; cursor: text; transform-origin: 0% 0%; background-color: rgb(244, 245, 247); left: 427.947px; top: 640.669px; font-size: 16px; font-family: sans-serif;\"> <\/span><span role=\"presentation\" dir=\"ltr\" style=\"color: transparent; position: absolute; white-space: pre; cursor: text; transform-origin: 0% 0%; background-color: rgb(244, 245, 247); left: 431.947px; top: 640.669px; font-size: 16px; font-family: sans-serif;\">e<\/span><span role=\"presentation\" dir=\"ltr\" style=\"color: transparent; position: absolute; white-space: pre; cursor: text; transform-origin: 0% 0%; background-color: rgb(244, 245, 247); left: 439.048px; top: 640.669px; font-size: 16px; font-family: sans-serif;\">&#8211;<\/span><span role=\"presentation\" dir=\"ltr\" style=\"color: transparent; position: absolute; white-space: pre; cursor: text; transform-origin: 0% 0%; background-color: rgb(244, 245, 247); left: 444.376px; top: 640.669px; font-size: 16px; font-family: sans-serif; transform: scaleX(0.969732);\">mail<\/span><span role=\"presentation\" dir=\"ltr\" style=\"color: transparent; position: absolute; white-space: pre; cursor: text; transform-origin: 0% 0%; background-color: rgb(244, 245, 247); left: 472.824px; top: 640.669px; font-size: 16px; font-family: sans-serif;\"> <\/span><span role=\"presentation\" dir=\"ltr\" style=\"color: transparent; position: absolute; white-space: pre; cursor: text; transform-origin: 0% 0%; background-color: rgb(244, 245, 247); left: 476.822px; top: 640.669px; font-size: 16px; font-family: sans-serif; transform: scaleX(0.907934);\">m@detroz.c<\/span>\t\t\t\t\t\t<\/div>\n\t\t\t\t<\/div>\n\t\t\t\t\t<\/div>\n\t\t<\/div>\n\t\t\t\t\t\t\t<\/div>\n\t\t<\/section>\n\t\t\t\t\t\t\t<\/div>\n\t\t","protected":false},"excerpt":{"rendered":"<p>Cleiton Calebe da Silva Guerra Doutorando bolsista pelo Minist\u00e9rio da Educa\u00e7\u00e3o Chin\u00eas na Universidade de Wuhan na \u00e1rea de Literatura Cl\u00e1ssica Chinesa, na linha de pesquisa em Literatura Cl\u00e1ssica Confucionista e Tao\u00edsta. Mestre em Literatura Cl\u00e1ssica Chinesa pela Universidade de Wuhan, China. Graduado em Letras &#8211; Mandarim e Literatura Chinesa pela Universidade JiaoTong de Xi&#8217;an, [&hellip;]<\/p>\n","protected":false},"author":1,"featured_media":0,"parent":0,"menu_order":0,"comment_status":"closed","ping_status":"closed","template":"","meta":{"_editorskit_title_hidden":false,"_editorskit_reading_time":0,"_editorskit_is_block_options_detached":false,"_editorskit_block_options_position":"{}","_monsterinsights_skip_tracking":false,"_monsterinsights_sitenote_active":false,"_monsterinsights_sitenote_note":"","_monsterinsights_sitenote_category":0},"_links":{"self":[{"href":"https:\/\/ceasiaufpe.com.br\/index.php?rest_route=\/wp\/v2\/pages\/6203"}],"collection":[{"href":"https:\/\/ceasiaufpe.com.br\/index.php?rest_route=\/wp\/v2\/pages"}],"about":[{"href":"https:\/\/ceasiaufpe.com.br\/index.php?rest_route=\/wp\/v2\/types\/page"}],"author":[{"embeddable":true,"href":"https:\/\/ceasiaufpe.com.br\/index.php?rest_route=\/wp\/v2\/users\/1"}],"replies":[{"embeddable":true,"href":"https:\/\/ceasiaufpe.com.br\/index.php?rest_route=%2Fwp%2Fv2%2Fcomments&post=6203"}],"version-history":[{"count":56,"href":"https:\/\/ceasiaufpe.com.br\/index.php?rest_route=\/wp\/v2\/pages\/6203\/revisions"}],"predecessor-version":[{"id":8530,"href":"https:\/\/ceasiaufpe.com.br\/index.php?rest_route=\/wp\/v2\/pages\/6203\/revisions\/8530"}],"wp:attachment":[{"href":"https:\/\/ceasiaufpe.com.br\/index.php?rest_route=%2Fwp%2Fv2%2Fmedia&parent=6203"}],"curies":[{"name":"wp","href":"https:\/\/api.w.org\/{rel}","templated":true}]}}