{"id":2932,"date":"2021-07-19T17:19:26","date_gmt":"2021-07-19T17:19:26","guid":{"rendered":"https:\/\/ceasiaufpe.wordpress.com\/?page_id=2932"},"modified":"2023-04-28T11:49:03","modified_gmt":"2023-04-28T14:49:03","slug":"sobre-a-curadoria-relacoes-sino-africanas","status":"publish","type":"page","link":"https:\/\/ceasiaufpe.com.br\/?page_id=2932","title":{"rendered":"Rela\u00e7\u00f5es Sino-africanas"},"content":{"rendered":"\n<p class=\"has-text-align-right\">Curador: <em>Renan Holanda<\/em><\/p>\n\n\n\n<p class=\"has-text-align-right\">Cocurador: <em>Victor Tavares Barbosa<\/em><\/p>\n\n\n\n<p class=\"has-text-align-justify\">As rela\u00e7\u00f5es sino-africanas t\u00eam ra\u00edzes hist\u00f3ricas e se manifestam de formas diversas. Evid\u00eancias variadas apontam para uma intera\u00e7\u00e3o intensa e prof\u00edcua entre as partes, incluindo desde as expedi\u00e7\u00f5es do almirante Zheng He pela costa oriental da \u00c1frica e o Mar Vermelho no s\u00e9culo XV, passando pela Confer\u00eancia de Bandung e a conhecida turn\u00ea diplom\u00e1tica de Zhou Enlai no in\u00edcio da Guerra Fria. Hodiernamente, chineses e africanos adensaram ainda mais a parceria atrav\u00e9s da cria\u00e7\u00e3o do F\u00f3rum de Coopera\u00e7\u00e3o China-\u00c1frica (FOCAC), em 2000. Para al\u00e9m dos fluxos comerciais e de investimento e das preocupa\u00e7\u00f5es geopol\u00edticas, o intenso interc\u00e2mbio acad\u00eamico e cultural, a internacionaliza\u00e7\u00e3o da m\u00eddia chinesa e a utiliza\u00e7\u00e3o do audiovisual como ferramenta diplom\u00e1tica s\u00e3o alguns dos novos tra\u00e7os que t\u00eam caracterizado a din\u00e2mica sino-africana na contemporaneidade. Ademais, a \u00c1frica ocupa um lugar extremamente estrat\u00e9gico dentro do principal empreendimento de pol\u00edtica externa da China no s\u00e9culo XXI: a Iniciativa Cintur\u00e3o e Rota, popularmente conhecida como a Nova Rota da Seda. Nesse diapas\u00e3o, a Curadoria de Rela\u00e7\u00f5es Sino-Africanas, vinculada \u00e0 Coordenadoria de Estudos da \u00c1sia do Centro de Estudos Avan\u00e7ados da Universidade Federal de Pernambuco (CEA-UFPE), busca situar-se como um l\u00f3cus multidisciplinar de reflex\u00e3o e debate sobre o eixo China-\u00c1frica e as m\u00faltiplas possibilidades investigativas que dele emergem.<\/p>\n\n\n\n<div style=\"height:25px\" aria-hidden=\"true\" class=\"wp-block-spacer\"><\/div>\n\n\n\n<p class=\"has-text-align-center\">\u2500\u2500\u2500\u2500\u2500\u2500\u2500\u2500\u2500\u2500\u2500\u2500<\/p>\n\n\n\n<div style=\"height:15px\" aria-hidden=\"true\" class=\"wp-block-spacer\"><\/div>\n\n\n\n<h2>Sino-African Relations<\/h2>\n\n\n\n<p class=\"has-text-align-justify\">Sino-African relations have historical roots and are manifested in diverse ways. Varied evidence point to an intense and fruitful interaction between both sides, from Admiral Zheng He expeditions to the east coast of Africa and the Red Sea in the 15th century, through the Bandung Conference and the well-known Zhou Enlai\u2019s diplomatic tour at the beginning of the Cold War. Today, Chinese and Africans have further strengthened the partnership through the launch of the Forum on China-Africa Cooperation (FOCAC) in 2000. Beyond trade and investment flows and geopolitical concerns, intense academic and cultural exchange, the internationalization of Chinese media and the use of audiovisual as a diplomatic tool are just a few examples of the issues that characterize contemporary Sino-African dynamics. Furthermore, Africa occupies an extremely strategic place within the main foreign policy endeavor of China in the 21st century: the Belt and Road Initiative, popularly known as the New Silk Road. In this sense, the Sino-African Relations Curatorship, linked to the Asian Studies Coordination at the Center for Advanced Studies of the Federal University of Pernambuco (CEA-UFPE), seeks to position itself as a multidisciplinary locus of reflection and debate on the China-Africa axis and the multiple investigation possibilities that emerge from it.<\/p>\n\n\n\n<div style=\"height:25px\" aria-hidden=\"true\" class=\"wp-block-spacer\"><\/div>\n\n\n\n<p class=\"has-text-align-center\"> \u2500\u2500\u2500\u2500\u2500\u2500\u2500\u2500\u2500\u2500\u2500\u2500 <\/p>\n\n\n\n<div style=\"height:15px\" aria-hidden=\"true\" class=\"wp-block-spacer\"><\/div>\n\n\n\n<h2>Relaciones Sino-africanas<\/h2>\n\n\n\n<p class=\"has-text-align-justify\">Las relaciones sino-africanas tienen ra\u00edces hist\u00f3ricas y se manifiestan de diferentes maneras. Varias pruebas apuntan a una interacci\u00f3n intensa y fruct\u00edfera entre las partes, incluidas las expediciones del almirante Zheng He a lo largo de la costa este de \u00c1frica y el Mar Rojo en el siglo XV, pasando por la Conferencia de Bandung y la conocida gira diplom\u00e1tica de Zhou Enlai al comienzo de la Guerra Fr\u00eda. En la actualidad, los chinos y africanos han fortalecido a\u00fan m\u00e1s la asociaci\u00f3n mediante la creaci\u00f3n del Foro de Cooperaci\u00f3n China-\u00c1frica (FOCAC) en 2000. Adem\u00e1s de los flujos comerciales y de inversi\u00f3n y las preocupaciones geopol\u00edticas, el intenso intercambio acad\u00e9mico y cultural, la internacionalizaci\u00f3n de los medios de comunicaci\u00f3n chinos y el uso del audiovisual como herramienta diplom\u00e1tica son algunos de los nuevos rasgos que han caracterizado la din\u00e1mica chino-africana en la \u00e9poca contempor\u00e1nea. Adem\u00e1s, \u00c1frica ocupa un lugar extremadamente estrat\u00e9gico dentro del principal esfuerzo de pol\u00edtica exterior de China en el siglo XXI: la Iniciativa de la Franja y la Ruta, conocida popularmente como la Nueva Ruta de la Seda. En esta l\u00ednea, la Curadur\u00eda de Relaciones Sino-Africanas, vinculada a la Coordinaci\u00f3n de Estudios de Asia del Centro de Estudios Avanzados de la Universidad Federal de Pernambuco (CEA-UFPE), busca posicionarse como un locus multidisciplinario de reflexi\u00f3n y debate sobre el eje China-\u00c1frica y las m\u00faltiples posibilidades de investigaci\u00f3n que surgen de \u00e9l.<\/p>\n\n\n\n<div style=\"height:15px\" aria-hidden=\"true\" class=\"wp-block-spacer\"><\/div>\n\n\n\n<hr class=\"wp-block-separator\"\/>\n\n\n\n<h2 class=\"has-text-color\" style=\"color:#a10821\">Bibliografica b\u00e1sica<\/h2>\n\n\n\n<p class=\"has-text-align-justify\">ALDEN, Chris; ALVES, Ana Cristina. <strong>History &amp; Identity in the Construction of China&#8217;s Africa Policy<\/strong>. Review of African Political Economy, Vol. 35, Issue 115, 2008.<\/p>\n\n\n\n<p class=\"has-text-align-justify\">ASONGU, Simplice A.; AMINKENG, Gilbert A.A. <strong>The economic consequences of China\u2013Africa relations<\/strong>: debunking myths in the debate. Journal of Chinese Economic and Business Studies, Vol. 11, Issue 4, 2013.<\/p>\n\n\n\n<p class=\"has-text-align-justify\">BRAUTIGAM, Deborah. <strong>The dragon&#8217;s gift<\/strong>: The real story of China in Africa. Oxford: Oxford University Press, 2009.<\/p>\n\n\n\n<p class=\"has-text-align-justify\">EISENMAN, Joshua. <strong>China\u2019s post-cold war strategy in Africa<\/strong>: Examining Beijing\u2019s methods and objectives. In: <\/p>\n\n\n\n<p class=\"has-text-align-justify\">EISENMAN, J., HEGINBOTHAM, E.; MITCHELL, D. (Ed.). <strong>China and the Developing World<\/strong>: Beijing\u2019s Strategy for the Twenty-First Century. New York: M.E. Sharpe, 2007.<\/p>\n\n\n\n<p class=\"has-text-align-justify\">LI, Anshan. <strong>China and Africa:<\/strong> Policy and Challenges. China Security, Vol. 3 N. 3, 2007.<\/p>\n\n\n\n<p class=\"has-text-align-justify\">OURIQUES, Helton Ricardo. <strong>As rela\u00e7\u00f5es econ\u00f4micas entre China e \u00c1frica<\/strong>: uma perspectiva sist\u00eamica. Carta Internacional, Vol. 9, N. 1, 2014.<\/p>\n\n\n\n<p><br><br><br><br><br><\/p>\n\n\n\n<p><\/p>\n","protected":false},"excerpt":{"rendered":"<p>Curador: Renan Holanda Cocurador: Victor Tavares Barbosa As rela\u00e7\u00f5es sino-africanas t\u00eam ra\u00edzes hist\u00f3ricas e se manifestam de formas diversas. Evid\u00eancias variadas apontam para uma intera\u00e7\u00e3o intensa e prof\u00edcua entre as partes, incluindo desde as expedi\u00e7\u00f5es do almirante Zheng He pela costa oriental da \u00c1frica e o Mar Vermelho no s\u00e9culo XV, passando pela Confer\u00eancia de [&hellip;]<\/p>\n","protected":false},"author":1,"featured_media":3321,"parent":0,"menu_order":0,"comment_status":"closed","ping_status":"closed","template":"","meta":{"_editorskit_title_hidden":false,"_editorskit_reading_time":0,"_editorskit_is_block_options_detached":false,"_editorskit_block_options_position":"{}","_monsterinsights_skip_tracking":false,"_monsterinsights_sitenote_active":false,"_monsterinsights_sitenote_note":"","_monsterinsights_sitenote_category":0},"_links":{"self":[{"href":"https:\/\/ceasiaufpe.com.br\/index.php?rest_route=\/wp\/v2\/pages\/2932"}],"collection":[{"href":"https:\/\/ceasiaufpe.com.br\/index.php?rest_route=\/wp\/v2\/pages"}],"about":[{"href":"https:\/\/ceasiaufpe.com.br\/index.php?rest_route=\/wp\/v2\/types\/page"}],"author":[{"embeddable":true,"href":"https:\/\/ceasiaufpe.com.br\/index.php?rest_route=\/wp\/v2\/users\/1"}],"replies":[{"embeddable":true,"href":"https:\/\/ceasiaufpe.com.br\/index.php?rest_route=%2Fwp%2Fv2%2Fcomments&post=2932"}],"version-history":[{"count":3,"href":"https:\/\/ceasiaufpe.com.br\/index.php?rest_route=\/wp\/v2\/pages\/2932\/revisions"}],"predecessor-version":[{"id":6604,"href":"https:\/\/ceasiaufpe.com.br\/index.php?rest_route=\/wp\/v2\/pages\/2932\/revisions\/6604"}],"wp:featuredmedia":[{"embeddable":true,"href":"https:\/\/ceasiaufpe.com.br\/index.php?rest_route=\/wp\/v2\/media\/3321"}],"wp:attachment":[{"href":"https:\/\/ceasiaufpe.com.br\/index.php?rest_route=%2Fwp%2Fv2%2Fmedia&parent=2932"}],"curies":[{"name":"wp","href":"https:\/\/api.w.org\/{rel}","templated":true}]}}