{"id":2927,"date":"2021-07-19T17:19:26","date_gmt":"2021-07-19T17:19:26","guid":{"rendered":"https:\/\/ceasiaufpe.wordpress.com\/?page_id=2927"},"modified":"2021-09-12T21:21:22","modified_gmt":"2021-09-13T00:21:22","slug":"sobre-a-curadoria-politica-industrial-e-instituicoes","status":"publish","type":"page","link":"https:\/\/ceasiaufpe.com.br\/?page_id=2927","title":{"rendered":"Pol\u00edtica Industrial e Institui\u00e7\u00f5es"},"content":{"rendered":"\t\t<div data-elementor-type=\"wp-page\" data-elementor-id=\"2927\" class=\"elementor elementor-2927\">\n\t\t\t\t\t\t\t\t\t<section class=\"has_eae_slider elementor-section elementor-top-section elementor-element elementor-element-4af94ae1 elementor-section-boxed elementor-section-height-default elementor-section-height-default\" data-id=\"4af94ae1\" data-element_type=\"section\">\n\t\t\t\t\t\t<div class=\"elementor-container elementor-column-gap-default\">\n\t\t\t\t\t<div class=\"has_eae_slider elementor-column elementor-col-100 elementor-top-column elementor-element elementor-element-1ba87319\" data-id=\"1ba87319\" data-element_type=\"column\">\n\t\t\t<div class=\"elementor-widget-wrap elementor-element-populated\">\n\t\t\t\t\t\t\t\t<div class=\"elementor-element elementor-element-9ca401a elementor-widget elementor-widget-text-editor\" data-id=\"9ca401a\" data-element_type=\"widget\" data-widget_type=\"text-editor.default\">\n\t\t\t\t<div class=\"elementor-widget-container\">\n\t\t\t<style>\/*! elementor - v3.6.2 - 04-04-2022 *\/\n.elementor-widget-text-editor.elementor-drop-cap-view-stacked .elementor-drop-cap{background-color:#818a91;color:#fff}.elementor-widget-text-editor.elementor-drop-cap-view-framed .elementor-drop-cap{color:#818a91;border:3px solid;background-color:transparent}.elementor-widget-text-editor:not(.elementor-drop-cap-view-default) .elementor-drop-cap{margin-top:8px}.elementor-widget-text-editor:not(.elementor-drop-cap-view-default) .elementor-drop-cap-letter{width:1em;height:1em}.elementor-widget-text-editor .elementor-drop-cap{float:left;text-align:center;line-height:1;font-size:50px}.elementor-widget-text-editor .elementor-drop-cap-letter{display:inline-block}<\/style>\t\t\t\t<p><span style=\"text-align: justify;\">Curadora:\u00a0<\/span><em style=\"font-size: 17px; font-family: Lato, sans-serif; text-align: right;\">Joyce Helena<\/em><\/p>\t\t\t\t\t\t<\/div>\n\t\t\t\t<\/div>\n\t\t\t\t<div class=\"elementor-element elementor-element-b981349 eae-pop-btn-align-right eae-pop-btn-type-text elementor-widget elementor-widget-wts-modal-popup\" data-id=\"b981349\" data-element_type=\"widget\" data-widget_type=\"wts-modal-popup.default\">\n\t\t\t\t<div class=\"elementor-widget-container\">\n\t\t\t\t\t<div class=\"eae-popup-wrapper eae-popup-eae-pupup-item-1858768197\" data-id=\"eae-pupup-item-1858768197\" data-preview-modal=\"yes\" data-close-button-type=\"icon\" data-close-btn=\"fas fa-times\" data-close-in-out=\"true\" data-effect=\"\">\n\t\t\t<a class=\"eae-popup-link icon-position-before\"\n\t\t\tdata-id=\"eae-pupup-item-1858768197\" data-ctrl-id=\"b981349\" href=\"#eae-pupup-item-1858768197\">\n\t\t\t\t\t\t\t\t\t\t\t\t\t\t<span class=\"eae-popup-btn-icon\">\n\t\t\t\t\t\t\t\t\t\t\t<\/span>\n\t\t\t\t\t\t\t\t\t\t\t\t<span class=\"eae-popup-btn-text\">\n\t\t\t\t\t\t\tPesquisadores associados\t\t\t\t\t\t<\/span>\n\t\t\t\t\t\t\t\t\t\t\t\t\t<\/a>\n\t\t<\/div>\n\n\t\t<div id=\"eae-pupup-item-1858768197\" class=\"eae-popup-eae-pupup-item-1858768197 mfp-hide eae-popup-container\">\n\t\t\t<div class=\"eae-popup-content\">\n\t\t\t\t\t\t\t\t\t\t<div class=\"eae-modal-title mfp-title\">\n\t\t\t\t\t\t\tPesquisadores Associados\t\t\t\t\t\t<\/div>\n\t\t\t\t\t\t\t\t\t\t<div class=\"eae-modal-content\">\n\t\t\t\t\t\t<table dir=\"ltr\" border=\"1\" cellspacing=\"0\" cellpadding=\"0\"><colgroup><col width=\"238\" \/><\/colgroup>\n<tbody>\n<tr>\n<td data-sheets-value=\"{&quot;1&quot;:2,&quot;2&quot;:&quot;Edelson Costa Parnov (USP)&quot;}\">Edelson Costa Parnov (USP)<\/td>\n<\/tr>\n<tr>\n<td data-sheets-value=\"{&quot;1&quot;:2,&quot;2&quot;:&quot;Eduardo Vin\u00edcius Ara\u00fajo de Oliveira (UFRPE)&quot;}\">\n<div>\n<div>Eduardo Vin\u00edcius Ara\u00fajo de Oliveira (UFRPE)<\/div>\n<\/div>\n<\/td>\n<\/tr>\n<tr>\n<td data-sheets-value=\"{&quot;1&quot;:2,&quot;2&quot;:&quot;Fernanda Alves Rodrigues da Silva (UFG)&quot;}\">\n<div>\n<div>Fernanda Alves Rodrigues da Silva (UFG)<\/div>\n<\/div>\n<\/td>\n<\/tr>\n<tr>\n<td data-sheets-value=\"{&quot;1&quot;:2,&quot;2&quot;:&quot;Juliana Carvalho Miranda Teixeira (UFMA)&quot;}\">\n<div>\n<div>Juliana Carvalho Miranda Teixeira (UFMA)<\/div>\n<\/div>\n<\/td>\n<\/tr>\n<tr>\n<td data-sheets-value=\"{&quot;1&quot;:2,&quot;2&quot;:&quot;Lorrane Gl\u00f3ria da Silva (Estratego p\u00f3s-gradua\u00e7\u00e3o)&quot;}\">\n<div>\n<div>Lorrane Gl\u00f3ria da Silva (Estratego p\u00f3s-gradua\u00e7\u00e3o)<\/div>\n<\/div>\n<\/td>\n<\/tr>\n<tr>\n<td data-sheets-value=\"{&quot;1&quot;:2,&quot;2&quot;:&quot;Lucas Andr\u00e9 Penha dos Santos (UFPE)&quot;}\">\n<div>\n<div>Lucas Andr\u00e9 Penha dos Santos (UFPE)<\/div>\n<\/div>\n<\/td>\n<\/tr>\n<tr>\n<td data-sheets-value=\"{&quot;1&quot;:2,&quot;2&quot;:&quot;Luiza Helena Mendes de Souza (UFMA)&quot;}\">\n<div>\n<div>Luiza Helena Mendes de Souza (UFMA)<\/div>\n<\/div>\n<\/td>\n<\/tr>\n<tr>\n<td data-sheets-value=\"{&quot;1&quot;:2,&quot;2&quot;:&quot;Melissa Cambuhy (UERJ)&quot;}\">Melissa Cambuhy (UERJ)<\/td>\n<\/tr>\n<\/tbody>\n<\/table>\t\t\t\t\t<\/div>\n\t\t\t\t\t\t\t\t<\/div>\n\t\t<\/div>\n\t\t\t\t<\/div>\n\t\t\t\t<\/div>\n\t\t\t\t<div class=\"elementor-element elementor-element-53b96c00 elementor-widget elementor-widget-text-editor\" data-id=\"53b96c00\" data-element_type=\"widget\" data-widget_type=\"text-editor.default\">\n\t\t\t\t<div class=\"elementor-widget-container\">\n\t\t\t\t\t\t\t<p><a href=\"#57264375\" data-id=\"57264375\" data-ctrl-id=\"7759987\" style=\"font-family: inherit; text-align: inherit;\"><span style=\"font-family: inherit; text-align: inherit; color: #111111;\">A pol\u00edtica industrial \u00e9 um instrumento basilar na condu\u00e7\u00e3o da moderniza\u00e7\u00e3o dos pa\u00edses e na consolida\u00e7\u00e3o de um projeto mais amplo de desenvolvimento econ\u00f4mico. A diversifica\u00e7\u00e3o da capacidade produtiva chinesa foi possibilitada pelo uso intensivo deste aparelho. Entretanto, as institui\u00e7\u00f5es e o arcabou\u00e7o pol\u00edtico tamb\u00e9m s\u00e3o essenciais na continuidade, no planejamento de longo prazo e na determina\u00e7\u00e3o de contrapartidas para os setores participantes do processo. Avan\u00e7ando al\u00e9m da an\u00e1lise de ferramentas como \u201cc\u00e2mbio competitivo e exporta\u00e7\u00e3o de manufaturas\u201d, a Curadoria de Pol\u00edtica Industrial e Institui\u00e7\u00f5es, do Instituto de Estudos da \u00c1sia, prop\u00f5e uma leitura cr\u00edtica do processo de moderniza\u00e7\u00e3o chin\u00eas, apontando para seus avan\u00e7os e contradi\u00e7\u00f5es internas. Tal proposta ser\u00e1 possibilitada pela verifica\u00e7\u00e3o de mecanismos econ\u00f4micos e pol\u00edticos como elementos indissoci\u00e1veis.<\/span><\/a><br><\/p>\n<p><!-- wp:paragraph {\"align\":\"right\"} --><\/p>\n<p><!-- \/wp:paragraph --><\/p>\n<p><!-- wp:spacer {\"height\":25} --><\/p>\n<p><!-- \/wp:spacer --><\/p>\n<p><!-- wp:paragraph {\"align\":\"center\"} --><\/p>\n<p>\u2500\u2500\u2500\u2500\u2500\u2500\u2500\u2500\u2500\u2500\u2500\u2500<\/p>\n<p><!-- \/wp:paragraph --><\/p>\n<p><!-- wp:spacer {\"height\":15} --><\/p>\n<p><!-- \/wp:spacer --><\/p>\n<p><!-- wp:heading --><\/p>\n<h2>Industrial Policy and Institutions<\/h2>\n<p><!-- \/wp:heading --><\/p>\n<p><!-- wp:paragraph {\"align\":\"justify\"} --><\/p>\n<p>Industrial policy is a fundamental instrument in driving the modernization of countries and in the consolidation of a broader project for economic development. The diversification of the Chinese productive capacity was possible by the intensive use of this device. However, institutions and the political framework are also essential for continuity, long-term planning and the determination of counterparts for the sectors participating in the process. Moving beyond the analysis of tools such as \u201ccompetitive exchange rate and export of manufactures\u201d, the Curator of Industrial Policy and Institutions, from the Institute of Asian Studies, proposes a critical reading of the Chinese modernization process, pointing to its internal advances and contradictions. Such a proposal will be possible by the verification of economic and political mechanisms as inseparable elements.<\/p>\n<p><!-- \/wp:paragraph --><\/p>\n<p><!-- wp:spacer {\"height\":25} --><\/p>\n<p><!-- \/wp:spacer --><\/p>\n<p><!-- wp:paragraph {\"align\":\"center\"} --><\/p>\n<p>\u2500\u2500\u2500\u2500\u2500\u2500\u2500\u2500\u2500\u2500\u2500\u2500<\/p>\n<p><!-- \/wp:paragraph --><\/p>\n<p><!-- wp:spacer {\"height\":15} --><\/p>\n<p><!-- \/wp:spacer --><\/p>\n<p><!-- wp:heading --><\/p>\n<h2>Pol\u00edtica Industrial y Instituciones<\/h2>\n<p><!-- \/wp:heading --><\/p>\n<p><!-- wp:paragraph {\"align\":\"justify\"} --><\/p>\n<p>La pol\u00edtica industrial es un instrumento fundamental para llevar a cabo la modernizaci\u00f3n de los pa\u00edses y consolidar un proyecto m\u00e1s amplio de desarrollo econ\u00f3mico. La diversificaci\u00f3n de la capacidad productiva china fue posible gracias al uso intensivo de este dispositivo. Sin embargo, las instituciones y el marco pol\u00edtico tambi\u00e9n son fundamentales para la continuidad, la planificaci\u00f3n a largo plazo y la determinaci\u00f3n de las contrapartes de los sectores que participan en el proceso. M\u00e1s all\u00e1 del an\u00e1lisis de herramientas como el \u201cintercambio competitivo y exportaci\u00f3n de manufacturas\u201d, la Curadur\u00eda de Pol\u00edtica e Instituciones Industriales, del Instituto de Estudios Asi\u00e1ticos, propone una lectura cr\u00edtica del proceso de modernizaci\u00f3n chino, se\u00f1alando sus avances y contradicciones internas. Tal propuesta ser\u00e1 posible gracias a la verificaci\u00f3n de los mecanismos econ\u00f3micos y pol\u00edticos como elementos inseparables.<\/p>\n<p><!-- \/wp:paragraph --><\/p>\n<p><!-- wp:spacer {\"height\":15} --><\/p>\n<p><!-- \/wp:spacer --><\/p>\n<p><!-- wp:separator --><\/p>\n<hr>\n<p><!-- \/wp:separator --><\/p>\n<p><!-- wp:heading {\"style\":{\"color\":{\"text\":\"#a10821\"}}} --><\/p>\n<h2 style=\"color: #a10821;\">Bibliografia b\u00e1sica<\/h2>\n<p><!-- \/wp:heading --><\/p>\n<p><!-- wp:paragraph {\"align\":\"justify\"} --><\/p>\n<p>CHING, P.Y. <strong>From Victory to Defeat China&#8217;s Socialist Road and Capitalist Reversal<\/strong>. Foreign Languages Press, 2019.<\/p>\n<p><!-- \/wp:paragraph --><\/p>\n<p><!-- wp:paragraph {\"align\":\"justify\"} --><\/p>\n<p>DANTAS, A.; JABBOUR, E. <strong>Sobre a China e o \u201csocialismo de mercado\u201d como uma nova forma\u00e7\u00e3o econ\u00f4mico-social<\/strong>. Revista Nova Economia v.30 n.3, 2020.<\/p>\n<p><!-- \/wp:paragraph --><\/p>\n<p><!-- wp:paragraph {\"align\":\"justify\"} --><\/p>\n<p>GAO, M. <strong>The battle for China\u2019s Past<\/strong>: Mao and the Cultural Revolution. Pluto Press, 2008.<\/p>\n<p><!-- \/wp:paragraph --><\/p>\n<p><!-- wp:paragraph {\"align\":\"justify\"} --><\/p>\n<p>GUO, S. <strong>Chinese politics and government<\/strong>: power, ideology, and organization. Routledge, 2012.<\/p>\n<p><!-- \/wp:paragraph --><\/p>\n<p><!-- wp:paragraph {\"align\":\"justify\"} --><\/p>\n<p>LANDSBERG, M. H.; BURKETT, P. <strong>China and Socialism<\/strong>: market reforms and class struggle. Monthly Review Press, 2005.<\/p>\n<p><!-- \/wp:paragraph --><\/p>\n<p><!-- wp:paragraph {\"align\":\"justify\"} --><\/p>\n<p>MILAR\u00c9, L. F. L.; DIEGUES, A. C. <strong>Contribui\u00e7\u00f5es da Era Mao Tse-Tung para a industrializa\u00e7\u00e3o chinesa<\/strong>. Revista Econ. Contemp., Rio de Janeiro, v. 16, n. 2, p. 359-378 mai-ago\/2012.<\/p>\n<p><!-- \/wp:paragraph --><\/p>\n<p><!-- wp:paragraph {\"align\":\"justify\"} --><\/p>\n<p>NOLAN, P. <strong>China and the global economy<\/strong>: National Champions, Industrial Policy and the Big Business Revolution. Palgrave, 2001.<\/p>\n<p><!-- \/wp:paragraph --><\/p>\n<p><!-- wp:paragraph --><\/p>\n<p><!-- \/wp:paragraph --><\/p>\t\t\t\t\t\t<\/div>\n\t\t\t\t<\/div>\n\t\t\t\t\t<\/div>\n\t\t<\/div>\n\t\t\t\t\t\t\t<\/div>\n\t\t<\/section>\n\t\t\t\t\t\t\t<\/div>\n\t\t","protected":false},"excerpt":{"rendered":"<p>Curadora:\u00a0Joyce Helena Pesquisadores associados Pesquisadores Associados Edelson Costa Parnov (USP) Eduardo Vin\u00edcius Ara\u00fajo de Oliveira (UFRPE) Fernanda Alves Rodrigues da Silva (UFG) Juliana Carvalho Miranda Teixeira (UFMA) Lorrane Gl\u00f3ria da Silva (Estratego p\u00f3s-gradua\u00e7\u00e3o) Lucas Andr\u00e9 Penha dos Santos (UFPE) Luiza Helena Mendes de Souza (UFMA) Melissa Cambuhy (UERJ) A pol\u00edtica industrial \u00e9 um instrumento basilar [&hellip;]<\/p>\n","protected":false},"author":1,"featured_media":3319,"parent":0,"menu_order":0,"comment_status":"closed","ping_status":"closed","template":"","meta":{"_editorskit_title_hidden":false,"_editorskit_reading_time":0,"_editorskit_is_block_options_detached":false,"_editorskit_block_options_position":"{}","_monsterinsights_skip_tracking":false,"_monsterinsights_sitenote_active":false,"_monsterinsights_sitenote_note":"","_monsterinsights_sitenote_category":0},"_links":{"self":[{"href":"https:\/\/ceasiaufpe.com.br\/index.php?rest_route=\/wp\/v2\/pages\/2927"}],"collection":[{"href":"https:\/\/ceasiaufpe.com.br\/index.php?rest_route=\/wp\/v2\/pages"}],"about":[{"href":"https:\/\/ceasiaufpe.com.br\/index.php?rest_route=\/wp\/v2\/types\/page"}],"author":[{"embeddable":true,"href":"https:\/\/ceasiaufpe.com.br\/index.php?rest_route=\/wp\/v2\/users\/1"}],"replies":[{"embeddable":true,"href":"https:\/\/ceasiaufpe.com.br\/index.php?rest_route=%2Fwp%2Fv2%2Fcomments&post=2927"}],"version-history":[{"count":24,"href":"https:\/\/ceasiaufpe.com.br\/index.php?rest_route=\/wp\/v2\/pages\/2927\/revisions"}],"predecessor-version":[{"id":4186,"href":"https:\/\/ceasiaufpe.com.br\/index.php?rest_route=\/wp\/v2\/pages\/2927\/revisions\/4186"}],"wp:featuredmedia":[{"embeddable":true,"href":"https:\/\/ceasiaufpe.com.br\/index.php?rest_route=\/wp\/v2\/media\/3319"}],"wp:attachment":[{"href":"https:\/\/ceasiaufpe.com.br\/index.php?rest_route=%2Fwp%2Fv2%2Fmedia&parent=2927"}],"curies":[{"name":"wp","href":"https:\/\/api.w.org\/{rel}","templated":true}]}}