{"id":2925,"date":"2021-07-19T17:19:26","date_gmt":"2021-07-19T17:19:26","guid":{"rendered":"https:\/\/ceasiaufpe.wordpress.com\/?page_id=2925"},"modified":"2021-09-12T21:21:33","modified_gmt":"2021-09-13T00:21:33","slug":"sobre-a-curadoria-matrizes-energeticas-e-meio-ambiente","status":"publish","type":"page","link":"https:\/\/ceasiaufpe.com.br\/?page_id=2925","title":{"rendered":"Matrizes Energ\u00e9ticas e Meio Ambiente"},"content":{"rendered":"\t\t<div data-elementor-type=\"wp-page\" data-elementor-id=\"2925\" class=\"elementor elementor-2925\">\n\t\t\t\t\t\t\t\t\t<section class=\"has_eae_slider elementor-section elementor-top-section elementor-element elementor-element-4a86e134 elementor-section-boxed elementor-section-height-default elementor-section-height-default\" data-id=\"4a86e134\" data-element_type=\"section\">\n\t\t\t\t\t\t<div class=\"elementor-container elementor-column-gap-default\">\n\t\t\t\t\t<div class=\"has_eae_slider elementor-column elementor-col-100 elementor-top-column elementor-element elementor-element-2bdd9e4d\" data-id=\"2bdd9e4d\" data-element_type=\"column\">\n\t\t\t<div class=\"elementor-widget-wrap elementor-element-populated\">\n\t\t\t\t\t\t\t\t<div class=\"elementor-element elementor-element-f15149a elementor-widget elementor-widget-text-editor\" data-id=\"f15149a\" data-element_type=\"widget\" data-widget_type=\"text-editor.default\">\n\t\t\t\t<div class=\"elementor-widget-container\">\n\t\t\t<style>\/*! elementor - v3.6.2 - 04-04-2022 *\/\n.elementor-widget-text-editor.elementor-drop-cap-view-stacked .elementor-drop-cap{background-color:#818a91;color:#fff}.elementor-widget-text-editor.elementor-drop-cap-view-framed .elementor-drop-cap{color:#818a91;border:3px solid;background-color:transparent}.elementor-widget-text-editor:not(.elementor-drop-cap-view-default) .elementor-drop-cap{margin-top:8px}.elementor-widget-text-editor:not(.elementor-drop-cap-view-default) .elementor-drop-cap-letter{width:1em;height:1em}.elementor-widget-text-editor .elementor-drop-cap{float:left;text-align:center;line-height:1;font-size:50px}.elementor-widget-text-editor .elementor-drop-cap-letter{display:inline-block}<\/style>\t\t\t\t<p><span style=\"font-size: 1em;\">Curador: <\/span><em style=\"font-family: Lato, sans-serif; font-size: 1em;\">Jo\u00e3o Cumar\u00fa<\/em><\/p>\t\t\t\t\t\t<\/div>\n\t\t\t\t<\/div>\n\t\t\t\t<div class=\"elementor-element elementor-element-169f2ed eae-pop-btn-align-right eae-pop-btn-type-text elementor-widget elementor-widget-wts-modal-popup\" data-id=\"169f2ed\" data-element_type=\"widget\" data-widget_type=\"wts-modal-popup.default\">\n\t\t\t\t<div class=\"elementor-widget-container\">\n\t\t\t\t\t<div class=\"eae-popup-wrapper eae-popup-eae-pupup-item-224201492\" data-id=\"eae-pupup-item-224201492\" data-preview-modal=\"yes\" data-close-button-type=\"icon\" data-close-btn=\"fas fa-times\" data-close-in-out=\"true\" data-effect=\"\">\n\t\t\t<a class=\"eae-popup-link icon-position-before\"\n\t\t\tdata-id=\"eae-pupup-item-224201492\" data-ctrl-id=\"169f2ed\" href=\"#eae-pupup-item-224201492\">\n\t\t\t\t\t\t\t\t\t\t\t\t\t\t<span class=\"eae-popup-btn-icon\">\n\t\t\t\t\t\t\t\t\t\t\t<\/span>\n\t\t\t\t\t\t\t\t\t\t\t\t<span class=\"eae-popup-btn-text\">\n\t\t\t\t\t\t\tPesquisadores associados\t\t\t\t\t\t<\/span>\n\t\t\t\t\t\t\t\t\t\t\t\t\t<\/a>\n\t\t<\/div>\n\n\t\t<div id=\"eae-pupup-item-224201492\" class=\"eae-popup-eae-pupup-item-224201492 mfp-hide eae-popup-container\">\n\t\t\t<div class=\"eae-popup-content\">\n\t\t\t\t\t\t\t\t\t\t<div class=\"eae-modal-title mfp-title\">\n\t\t\t\t\t\t\tPesquisadores associados\t\t\t\t\t\t<\/div>\n\t\t\t\t\t\t\t\t\t\t<div class=\"eae-modal-content\">\n\t\t\t\t\t\t<table dir=\"ltr\" border=\"1\" cellspacing=\"0\" cellpadding=\"0\"><colgroup><col width=\"383\" \/><\/colgroup>\n<tbody>\n<tr>\n<td data-sheets-value=\"{&quot;1&quot;:2,&quot;2&quot;:&quot;Amilson Albuquerque Limeira Filho (UFCG)&quot;}\">Amilson Albuquerque Limeira Filho (UFCG)<\/td>\n<\/tr>\n<tr>\n<td data-sheets-value=\"{&quot;1&quot;:2,&quot;2&quot;:&quot;Andr\u00e9 Valente Maia&quot;}\">Andr\u00e9 Valente Maia<\/td>\n<\/tr>\n<tr>\n<td data-sheets-value=\"{&quot;1&quot;:2,&quot;2&quot;:&quot;Emily Rafany Brito Muniz Teodoro (UFGD)&quot;}\">Emily Rafany Brito Muniz Teodoro (UFGD)<\/td>\n<\/tr>\n<tr>\n<td data-sheets-value=\"{&quot;1&quot;:2,&quot;2&quot;:&quot;Fernanda Ferreira Chan (Universidade Nova de Lisboa\/ UNILA)&quot;}\">Fernanda Ferreira Chan (Universidade Nova de Lisboa\/ UNILA)<\/td>\n<\/tr>\n<tr>\n<td data-sheets-value=\"{&quot;1&quot;:2,&quot;2&quot;:&quot;Marina Betetto Drezza (UNICAMP)&quot;}\">Marina Betetto Drezza (UNICAMP)<\/td>\n<\/tr>\n<\/tbody>\n<\/table>\t\t\t\t\t<\/div>\n\t\t\t\t\t\t\t\t<\/div>\n\t\t<\/div>\n\t\t\t\t<\/div>\n\t\t\t\t<\/div>\n\t\t\t\t<div class=\"elementor-element elementor-element-270c7fba elementor-widget elementor-widget-text-editor\" data-id=\"270c7fba\" data-element_type=\"widget\" data-widget_type=\"text-editor.default\">\n\t\t\t\t<div class=\"elementor-widget-container\">\n\t\t\t\t\t\t\t<!-- wp:paragraph {\"align\":\"right\"} --><!-- \/wp:paragraph --><!-- wp:paragraph {\"align\":\"justify\"} -->\n<p class=\"has-text-align-justify\">No mundo contempor\u00e2neo, um dos grandes dilemas enfrentados pela atual civiliza\u00e7\u00e3o s\u00e3o as mudan\u00e7as no clima e a crise ambiental global. Inserido nesse contexto, a China hoje est\u00e1 entre os maiores produtores e consumidores de energia do mundo, e destaca-se tamb\u00e9m por ser o maior emissor de gases f\u00f3sseis, sendo o carv\u00e3o sua principal fonte energ\u00e9tica. Paradoxalmente, o pa\u00eds figura no topo dos maiores investidores, dentro e fora de seu territ\u00f3rio, em energia limpa do planeta; s\u00e3o os chineses quem mais investem em tecnologia de baixa emiss\u00e3o de carbono, possuem a maior capacidade instalada de energia e\u00f3lica e exportam pain\u00e9is solares fotovoltaicos para todo o mundo. Nesse sentido, esta curadoria pretende abordar quest\u00f5es diversas, tais como: 1) a crise clim\u00e1tica global e os acordos multilaterais do clima; 2) as pol\u00edticas de desenvolvimento sustent\u00e1vel da China e a constru\u00e7\u00e3o de uma \u201cciviliza\u00e7\u00e3o ecol\u00f3gica\u201d; 3) geopol\u00edtica das fontes de energia (petr\u00f3leo, g\u00e1s natural, carv\u00e3o e fontes renov\u00e1veis); 4) seguran\u00e7a e transi\u00e7\u00e3o energ\u00e9tica nos BRICS; 5) coopera\u00e7\u00e3o sino-brasileira na \u00e1rea ambiental; 6) Green BRI; 6) Investimentos chineses no setor energ\u00e9tico dos pa\u00edses latino-americanos, em especial o Brasil.<\/p>\n<!-- \/wp:paragraph --><!-- wp:spacer {\"height\":25} -->\n<div class=\"wp-block-spacer\" style=\"height: 25px;\" aria-hidden=\"true\">\u00a0<\/div>\n<!-- \/wp:spacer --><!-- wp:paragraph {\"align\":\"center\"} -->\n<p class=\"has-text-align-center\">\u2500\u2500\u2500\u2500\u2500\u2500\u2500\u2500\u2500\u2500\u2500\u2500<\/p>\n<!-- \/wp:paragraph --><!-- wp:spacer {\"height\":15} -->\n<div class=\"wp-block-spacer\" style=\"height: 15px;\" aria-hidden=\"true\">\u00a0<\/div>\n<!-- \/wp:spacer --><!-- wp:heading -->\n<h2>Energy Matrices and Environment<\/h2>\n<!-- \/wp:heading --><!-- wp:paragraph {\"align\":\"justify\"} -->\n<p class=\"has-text-align-justify\">In the contemporary world, one of the great dilemmas facing the current civilization is climate change and the global environmental crisis. In this context, China is today among the largest producers and consumers of energy in the world, and also stands out for being the largest emitter of fossil gases, with coal being its main energy source. Paradoxically, the country ranks at the top of the largest investors, inside and outside its territory, in clean energy on the planet; it is the Chinese who invest the most in low-carbon technology, they have the largest installed capacity for wind energy and export photovoltaic solar panels around the world. In this sense, this curatorship intends to address several issues, such as: 1) the global climate crisis and multilateral climate agreements; 2) China&#8217;s sustainable development policies and the construction of an \u201cecological civilization\u201d; 3) geopolitics of energy sources (oil, natural gas, coal and renewable sources); 4) energy security and transition in the BRICS; 5) Sino-Brazilian cooperation in the environmental area; 6) Green BRI; 6) Chinese investments in the energy sector of Latin American countries, especially Brazil.<\/p>\n<!-- \/wp:paragraph --><!-- wp:spacer {\"height\":25} -->\n<div class=\"wp-block-spacer\" style=\"height: 25px;\" aria-hidden=\"true\">\u00a0<\/div>\n<!-- \/wp:spacer --><!-- wp:paragraph {\"align\":\"center\"} -->\n<p class=\"has-text-align-center\">\u2500\u2500\u2500\u2500\u2500\u2500\u2500\u2500\u2500\u2500\u2500\u2500<\/p>\n<!-- \/wp:paragraph --><!-- wp:spacer {\"height\":15} -->\n<div class=\"wp-block-spacer\" style=\"height: 15px;\" aria-hidden=\"true\">\u00a0<\/div>\n<!-- \/wp:spacer --><!-- wp:heading -->\n<h2>Matrices Energ\u00e9ticas y Medio Ambiente<\/h2>\n<!-- \/wp:heading --><!-- wp:paragraph {\"align\":\"justify\"} -->\n<p class=\"has-text-align-justify\">En el mundo contempor\u00e1neo, uno de los grandes dilemas que enfrenta la civilizaci\u00f3n actual es el cambio clim\u00e1tico y la crisis ambiental global. Insertado en este contexto, China se encuentra hoy entre los mayores productores y consumidores de energ\u00eda del mundo, y tambi\u00e9n destaca por ser el mayor emisor de gases f\u00f3siles, siendo el carb\u00f3n su principal fuente de energ\u00eda. Parad\u00f3jicamente, el pa\u00eds se ubica a la cabeza de los mayores inversionistas, dentro y fuera de su territorio, en energ\u00edas limpias del planeta; son los chinos quienes m\u00e1s invierten en tecnolog\u00eda baja en carbono, tienen la mayor capacidad instalada de energ\u00eda e\u00f3lica y exportan paneles solares fotovoltaicos en todo el mundo. En este sentido, esta curadur\u00eda pretende abordar varios temas, tales como: 1) la crisis clim\u00e1tica global y los acuerdos clim\u00e1ticos multilaterales; 2) las pol\u00edticas de desarrollo sostenible de China y la construcci\u00f3n de una &#8220;civilizaci\u00f3n ecol\u00f3gica&#8221;; 3) geopol\u00edtica de las fuentes de energ\u00eda (petr\u00f3leo, gas natural, carb\u00f3n y fuentes renovables); 4) seguridad energ\u00e9tica y transici\u00f3n en los BRICS; 5) Cooperaci\u00f3n chino-brasile\u00f1a en el \u00e1rea ambiental; 6) BRI verde; 6) Inversiones chinas en el sector energ\u00e9tico de pa\u00edses latinoamericanos, especialmente Brasil.<\/p>\n<!-- \/wp:paragraph --><!-- wp:spacer {\"height\":15} -->\n<div class=\"wp-block-spacer\" style=\"height: 15px;\" aria-hidden=\"true\">\u00a0<\/div>\n<!-- \/wp:spacer --><!-- wp:separator --><hr class=\"wp-block-separator\" \/><!-- \/wp:separator --><!-- wp:heading {\"style\":{\"color\":{\"text\":\"#a10821\"}}} -->\n<h2 class=\"has-text-color\" style=\"color: #a10821;\">Bibliografia b\u00e1sica<\/h2>\n<!-- \/wp:heading --><!-- wp:paragraph {\"align\":\"justify\"} -->\n<p class=\"has-text-align-justify\">BARBOSA, Pedro Henrique Batista. <strong>New Kids on The Block<\/strong>: China\u2019s Arrival in Brazil\u2019s Electric Sector. GCI Working Paper 012. 12\/2020.<\/p>\n<!-- \/wp:paragraph --><!-- wp:paragraph -->\n<p>CAVALCANTE, Alina. <strong>Pathway development in solar energy<\/strong>: a comparative study between Brazil and China. Phd Thesis. University of Campinas (Unicamp), Campinas, SP. 189 p. 2018.<\/p>\n<!-- \/wp:paragraph --><!-- wp:paragraph {\"align\":\"justify\"} -->\n<p class=\"has-text-align-justify\">DOS SANTOS ESTEVO, Jefferson. (2020). <strong>A China no \u00e2mbito da mudan\u00e7a clim\u00e1tica.<\/strong> Negocia\u00e7\u00f5es exteriores e pol\u00edticas dom\u00e9sticas. Desaf\u00edos, Bogot\u00e1 (Colombia), (32-1), semestre I de 2020.<\/p>\n<!-- \/wp:paragraph --><!-- wp:paragraph {\"align\":\"justify\"} -->\n<p class=\"has-text-align-justify\">FRANCHINI, M.; VIOLA, E.; Barros-Platiau, A. <strong>The challenges of the anthropocene:<\/strong> from international environmental politics to global governance. Ambiente &amp; Sociedade (online), v. 20, p. 177-202, 2017. Dispon\u00edvel em: https:\/\/www.scielo.br\/scielo.php?script=sci_arttext&amp;pid=S1414-753X2017000300177<\/p>\n<!-- \/wp:paragraph --><!-- wp:paragraph {\"align\":\"justify\"} -->\n<p class=\"has-text-align-justify\">KAARESVIRTA, Juuso; KEROLA, Eeva; NUUTILAINEN, Riikka; PARVIAINEN; Seija; SOLANKO, Laura.<strong> How far is China from hitting its climate targets?<\/strong> \u2013 An overview of China\u2019s energy sector. BOFIT Policy Brief. 2021 No. 4<\/p>\n<!-- \/wp:paragraph --><!-- wp:paragraph {\"align\":\"justify\"} -->\n<p class=\"has-text-align-justify\">KONG, Bo; GALLAGHER, Kevin P. <strong>Chinese development finance for solar and wind power abroad.<\/strong> GCI Working Paper 009. 01\/2020.<\/p>\n<!-- \/wp:paragraph --><!-- wp:paragraph {\"align\":\"justify\"} -->\n<p class=\"has-text-align-justify\">LI, Zhongshu; GALLAGHER, Kevin P.; MAUZERALL, Denise L. <strong>China\u2019s global power:<\/strong> Estimating Chinese foreign direct investment in the electric power sector. Energy Policy. 136 (2020) 111056.<\/p>\n<!-- \/wp:paragraph --><!-- wp:paragraph {\"align\":\"justify\"} -->\n<p class=\"has-text-align-justify\">L. ZHOU, S. GILBERT, Y. WANG, M. MU\u00d1OZ CABRE, and K.P. GALLAGHER. 2018. <strong>Moving the Green Belt and Road Initiative<\/strong>: From Words to Actions. Working Paper. Washington, DC: World Resources Institute. Available online at http:\/\/www.wri.org\/publication\/moving-the-green-belt.<\/p>\n<!-- \/wp:paragraph --><!-- wp:paragraph {\"align\":\"justify\"} -->\n<p class=\"has-text-align-justify\">MA, Xinyue, GALLAGHER, Kevin P.; BU, Xintong. <strong>Global Risks and Investment Uncertainty<\/strong>: Chinese Global Energy Finance in 2018. GCI Policy Brief 001. 02\/2019.<\/p>\n<!-- \/wp:paragraph --><!-- wp:paragraph {\"align\":\"justify\"} -->\n<p class=\"has-text-align-justify\">SANTOS, Thauan; SANTOS, Luan. <strong>Putting in Check the Brazilian Moves in the Climate Chessboard<\/strong>. Contexto Internacional. Vol. 43(1) Jan\/Apr 2021.<\/p>\n<!-- \/wp:paragraph --><!-- wp:paragraph {\"align\":\"justify\"} -->\n<p class=\"has-text-align-justify\">TEIXEIRA, Izabella; ROSSI, Teresa. <strong>Brasil e China<\/strong>: elementos para a coopera\u00e7\u00e3o em meio ambiente. Policy Paper. Centro Brasileiro de Rela\u00e7\u00f5es Internacionais (CEBRI). 72 p. Abril, 2020.<\/p>\n<!-- \/wp:paragraph --><!-- wp:paragraph {\"align\":\"justify\"} -->\n<p class=\"has-text-align-justify\">VIOLA, Eduardo; BASSO, L. <strong>O sistema internacional no antropoceno<\/strong>. Revista Brasileira de Ci\u00eancias Sociais (online), v. 31, p. 01, 2016. Dispon\u00edvel em: https:\/\/www.scielo.br\/pdf\/rbcsoc\/v31n92\/0102-6909-rbcsoc-3192012016.pdf<\/p>\n<!-- \/wp:paragraph --><!-- wp:paragraph {\"align\":\"justify\"} -->\n<p class=\"has-text-align-justify\">VIOLA, Eduardo; BASSO, Larissa. <strong>Wandering decarbonization<\/strong>: the BRIC countries as conservative climate powers. Revista Brasileira de Pol\u00edtica Internacional (Online), v. 59, p. 001-021, 2016. Dispon\u00edvel em: https:\/\/www.scielo.br\/scielo.php?script=sci_arttext&amp;pid=S0034-73292016000100201<\/p>\n<!-- \/wp:paragraph --><!-- wp:paragraph {\"align\":\"justify\"} -->\n<p class=\"has-text-align-justify\">WEINS, Niklas; FERREIRA, Leila; FEODRIPPE, Rita. <strong>O papel da &#8220;civiliza\u00e7\u00e3o ecol\u00f3gica&#8221; chinesa na nova ordem ambiental internacional<\/strong>: ideias para um mundo p\u00f3s-covid. Geosul, Florian\u00f3polis, v. 35, n. 77, p. 504-530, dez. 2020.<\/p>\n<!-- \/wp:paragraph --><!-- wp:paragraph {\"align\":\"justify\"} -->\n<p class=\"has-text-align-justify\">\u00a0<\/p>\n<!-- \/wp:paragraph -->\t\t\t\t\t\t<\/div>\n\t\t\t\t<\/div>\n\t\t\t\t\t<\/div>\n\t\t<\/div>\n\t\t\t\t\t\t\t<\/div>\n\t\t<\/section>\n\t\t\t\t\t\t\t<\/div>\n\t\t","protected":false},"excerpt":{"rendered":"<p>Curador: Jo\u00e3o Cumar\u00fa Pesquisadores associados Pesquisadores associados Amilson Albuquerque Limeira Filho (UFCG) Andr\u00e9 Valente Maia Emily Rafany Brito Muniz Teodoro (UFGD) Fernanda Ferreira Chan (Universidade Nova de Lisboa\/ UNILA) Marina Betetto Drezza (UNICAMP) No mundo contempor\u00e2neo, um dos grandes dilemas enfrentados pela atual civiliza\u00e7\u00e3o s\u00e3o as mudan\u00e7as no clima e a crise ambiental global. Inserido [&hellip;]<\/p>\n","protected":false},"author":1,"featured_media":3317,"parent":0,"menu_order":0,"comment_status":"closed","ping_status":"closed","template":"","meta":{"_editorskit_title_hidden":false,"_editorskit_reading_time":0,"_editorskit_is_block_options_detached":false,"_editorskit_block_options_position":"{}","_monsterinsights_skip_tracking":false,"_monsterinsights_sitenote_active":false,"_monsterinsights_sitenote_note":"","_monsterinsights_sitenote_category":0},"_links":{"self":[{"href":"https:\/\/ceasiaufpe.com.br\/index.php?rest_route=\/wp\/v2\/pages\/2925"}],"collection":[{"href":"https:\/\/ceasiaufpe.com.br\/index.php?rest_route=\/wp\/v2\/pages"}],"about":[{"href":"https:\/\/ceasiaufpe.com.br\/index.php?rest_route=\/wp\/v2\/types\/page"}],"author":[{"embeddable":true,"href":"https:\/\/ceasiaufpe.com.br\/index.php?rest_route=\/wp\/v2\/users\/1"}],"replies":[{"embeddable":true,"href":"https:\/\/ceasiaufpe.com.br\/index.php?rest_route=%2Fwp%2Fv2%2Fcomments&post=2925"}],"version-history":[{"count":8,"href":"https:\/\/ceasiaufpe.com.br\/index.php?rest_route=\/wp\/v2\/pages\/2925\/revisions"}],"predecessor-version":[{"id":6865,"href":"https:\/\/ceasiaufpe.com.br\/index.php?rest_route=\/wp\/v2\/pages\/2925\/revisions\/6865"}],"wp:featuredmedia":[{"embeddable":true,"href":"https:\/\/ceasiaufpe.com.br\/index.php?rest_route=\/wp\/v2\/media\/3317"}],"wp:attachment":[{"href":"https:\/\/ceasiaufpe.com.br\/index.php?rest_route=%2Fwp%2Fv2%2Fmedia&parent=2925"}],"curies":[{"name":"wp","href":"https:\/\/api.w.org\/{rel}","templated":true}]}}