{"id":2903,"date":"2021-07-19T16:12:26","date_gmt":"2021-07-19T16:12:26","guid":{"rendered":"https:\/\/ceasiaufpe.wordpress.com\/?page_id=2903"},"modified":"2021-08-12T14:19:50","modified_gmt":"2021-08-12T17:19:50","slug":"sobre-o-simpeasia","status":"publish","type":"page","link":"https:\/\/ceasiaufpe.com.br\/?page_id=2903","title":{"rendered":"Sobre o SimpEASIA"},"content":{"rendered":"\n<p class=\"has-text-align-justify\">O Simp\u00f3sio Tem\u00e1tico de Estudos da \u00c1sia (SimpEASIA) \u00e9 uma atividade que abre espa\u00e7o para que nossos membros apresentem suas pesquisas finalizadas ou em desenvolvimento, e assim possam, al\u00e9m de receber sugest\u00f5es, fomentar o debate com a comunidade, acessibilizando a produ\u00e7\u00e3o acad\u00eamica. As transmiss\u00f5es ocorrem regularmente em nosso canal no Youtube.<\/p>\n\n\n\n<p>O primeiro ciclo de apresenta\u00e7\u00f5es do SimpEASIA contou com a participa\u00e7\u00e3o do Prof. Edelson Parnov, da Curadoria de Pol\u00edtica Industrial e Institui\u00e7\u00f5es, sobre a luta das mulheres chinesas por direitos pol\u00edticos. Confira <a href=\"https:\/\/www.youtube.com\/watch?v=xhCEaL39KPo&amp;list=PLMP17DEgjUf0VsSXyC4zLsuxbwF-7-MB4&amp;ab_channel=InstitutodeEstudosda%C3%81sia\">aqui<\/a>.<\/p>\n\n\n\n<p class=\"has-text-align-justify\">A segunda apresenta\u00e7\u00e3o ficou a cargo do pesquisador Bruno Motta (Universidade de Lisboa), um dos respons\u00e1veis pela Curadoria de Hist\u00f3ria da China, sobre a decad\u00eancia do imp\u00e9rio e a ascens\u00e3o da rep\u00fablica chinesa. Confira <a href=\"https:\/\/www.youtube.com\/watch?v=M9Vh4TUSyMI&amp;list=PLMP17DEgjUf0VsSXyC4zLsuxbwF-7-MB4&amp;index=2&amp;ab_channel=InstitutodeEstudosda%C3%81sia\">aqui<\/a>.<\/p>\n\n\n\n<p>As atividades do segundo ciclo iniciar\u00e3o em breve.<\/p>\n","protected":false},"excerpt":{"rendered":"<p>O Simp\u00f3sio Tem\u00e1tico de Estudos da \u00c1sia (SimpEASIA) \u00e9 uma atividade que abre espa\u00e7o para que nossos membros apresentem suas pesquisas finalizadas ou em desenvolvimento, e assim possam, al\u00e9m de receber sugest\u00f5es, fomentar o debate com a comunidade, acessibilizando a produ\u00e7\u00e3o acad\u00eamica. As transmiss\u00f5es ocorrem regularmente em nosso canal no Youtube. O primeiro ciclo de [&hellip;]<\/p>\n","protected":false},"author":1,"featured_media":3544,"parent":0,"menu_order":0,"comment_status":"closed","ping_status":"closed","template":"","meta":{"_editorskit_title_hidden":false,"_editorskit_reading_time":0,"_editorskit_is_block_options_detached":false,"_editorskit_block_options_position":"{}","_monsterinsights_skip_tracking":false,"_monsterinsights_sitenote_active":false,"_monsterinsights_sitenote_note":"","_monsterinsights_sitenote_category":0},"_links":{"self":[{"href":"https:\/\/ceasiaufpe.com.br\/index.php?rest_route=\/wp\/v2\/pages\/2903"}],"collection":[{"href":"https:\/\/ceasiaufpe.com.br\/index.php?rest_route=\/wp\/v2\/pages"}],"about":[{"href":"https:\/\/ceasiaufpe.com.br\/index.php?rest_route=\/wp\/v2\/types\/page"}],"author":[{"embeddable":true,"href":"https:\/\/ceasiaufpe.com.br\/index.php?rest_route=\/wp\/v2\/users\/1"}],"replies":[{"embeddable":true,"href":"https:\/\/ceasiaufpe.com.br\/index.php?rest_route=%2Fwp%2Fv2%2Fcomments&post=2903"}],"version-history":[{"count":1,"href":"https:\/\/ceasiaufpe.com.br\/index.php?rest_route=\/wp\/v2\/pages\/2903\/revisions"}],"predecessor-version":[{"id":3308,"href":"https:\/\/ceasiaufpe.com.br\/index.php?rest_route=\/wp\/v2\/pages\/2903\/revisions\/3308"}],"wp:featuredmedia":[{"embeddable":true,"href":"https:\/\/ceasiaufpe.com.br\/index.php?rest_route=\/wp\/v2\/media\/3544"}],"wp:attachment":[{"href":"https:\/\/ceasiaufpe.com.br\/index.php?rest_route=%2Fwp%2Fv2%2Fmedia&parent=2903"}],"curies":[{"name":"wp","href":"https:\/\/api.w.org\/{rel}","templated":true}]}}