{"id":2778,"date":"2021-07-14T23:10:27","date_gmt":"2021-07-14T23:10:27","guid":{"rendered":"https:\/\/ceasiaufpe.wordpress.com\/?page_id=2778"},"modified":"2023-05-04T11:38:13","modified_gmt":"2023-05-04T14:38:13","slug":"faca-parte","status":"publish","type":"page","link":"https:\/\/ceasiaufpe.com.br\/?page_id=2778","title":{"rendered":"Fa\u00e7a Parte"},"content":{"rendered":"\n<p class=\"has-text-align-justify\">Atualmente a Coordenadoria de Estudos da \u00c1sia (CE\u00c1SIA) conta com mais de duzentos membros e pesquisadores associados distribuidos entre dez curadorias tem\u00e1ticas. De natureza transdisciplinar e ancorado no trip\u00e9 ensino, pesquisa e extens\u00e3o, a CE\u00c1SIA tem como objetivo disseminar o conhecimento sobre o continente dentro e fora da Universidade Federal de Pernambuco.  Suas curadorias possuem car\u00e1ter de grupo de estudos e\/ou grupo de pesquisa, onde cada curador tem a autonomia de determinar as atividades complementares para aquele semestre, como minicursos, publica\u00e7\u00f5es, entre outros.<\/p>\n\n\n\n<p class=\"has-text-align-justify\">N\u00e3o existem pr\u00e9-requisitos para se tornar membro. A CE\u00c1SIA \u00e9 um espa\u00e7o aberto para pessoas engajadas, dentro e fora do Brasil, discutirem e produzirem conhecimento cient\u00edfico sobre o continente asi\u00e1tico.<\/p>\n\n\n\n<p><\/p>\n\n\n\n<p><\/p>\n\n\n\n<div class=\"wp-block-buttons\">\n<div class=\"wp-block-button is-style-outline\"><a class=\"wp-block-button__link has-vivid-red-color has-text-color\" href=\"https:\/\/forms.gle\/4LJQcPJoprFXDshn7\" target=\"_blank\" rel=\"noreferrer noopener\">Assuntos do Jap\u00e3o<\/a><\/div>\n\n\n\n<div class=\"wp-block-button is-style-outline\"><a class=\"wp-block-button__link has-vivid-red-color has-text-color\" href=\"https:\/\/forms.gle\/A4qfd7w5as1tfVfs8\" target=\"_blank\" rel=\"noreferrer noopener\">BRICS<\/a><\/div>\n\n\n\n<div class=\"wp-block-button is-style-outline\"><a class=\"wp-block-button__link has-vivid-red-color has-text-color\" href=\"https:\/\/docs.google.com\/forms\/d\/e\/1FAIpQLSdIu0I-54rANEbyR05MSee5boOajG6fa9cFAUcI2G2GhQzK7g\/viewform\" target=\"_blank\" rel=\"noreferrer noopener\">Estudos coreanos<\/a><\/div>\n\n\n\n<div class=\"wp-block-button is-style-outline\"><a class=\"wp-block-button__link has-vivid-red-color has-text-color\" href=\"https:\/\/forms.gle\/YLfVkHg39minDNAs8\" target=\"_blank\" rel=\"noreferrer noopener\">Hist\u00f3ria da China<\/a><\/div>\n\n\n\n<div class=\"wp-block-button is-style-outline\"><a class=\"wp-block-button__link has-vivid-red-color has-text-color\" href=\"https:\/\/forms.gle\/Dxy3EsApipCV3xTS7\" target=\"_blank\" rel=\"noreferrer noopener\">Matrizes Energ\u00e9ticas e Meio Ambiente<\/a><\/div>\n\n\n\n<div class=\"wp-block-button is-style-outline\"><a class=\"wp-block-button__link has-vivid-red-color has-text-color\" href=\"https:\/\/forms.gle\/AU4ooaVsfpdQVdd38\" target=\"_blank\" rel=\"noreferrer noopener\">Pol\u00edtica Industrial e Institui\u00e7\u00f5es<\/a><\/div>\n\n\n\n<div class=\"wp-block-button is-style-outline\"><a class=\"wp-block-button__link has-vivid-red-color has-text-color\" href=\"https:\/\/forms.gle\/rU5qG5DyF4LbDtZ1A\" target=\"_blank\" rel=\"noreferrer noopener\">Tecnologia e Inova\u00e7\u00e3o<\/a><\/div>\n\n\n\n<div class=\"wp-block-button is-style-outline\"><a class=\"wp-block-button__link has-vivid-red-color has-text-color\" href=\"https:\/\/forms.gle\/e1dsdn4oLiD2wTJW7\" target=\"_blank\" rel=\"noreferrer noopener\">Timor Leste e demais pa\u00edses do Sudeste Asi\u00e1tico<\/a><\/div>\n\n\n\n<div class=\"wp-block-button is-style-outline\"><a class=\"wp-block-button__link has-vivid-red-color has-text-color\" href=\"https:\/\/forms.gle\/3ruYXEs6zer3pkDp9\" target=\"_blank\" rel=\"noreferrer noopener\">Rela\u00e7\u00f5es Sino-Africanas<\/a><\/div>\n\n\n\n<div class=\"wp-block-button is-style-outline\"><a class=\"wp-block-button__link has-vivid-red-color has-text-color\" href=\"https:\/\/forms.gle\/PWrgzeeEEeNidSMU8\" target=\"_blank\" rel=\"noreferrer noopener\">Seguran\u00e7a Alimentar e Estrangeiriza\u00e7\u00e3o de Terras<\/a><\/div>\n<\/div>\n\n\n\n<p><\/p>\n","protected":false},"excerpt":{"rendered":"<p>Atualmente a Coordenadoria de Estudos da \u00c1sia (CE\u00c1SIA) conta com mais de duzentos membros e pesquisadores associados distribuidos entre dez curadorias tem\u00e1ticas. De natureza transdisciplinar e ancorado no trip\u00e9 ensino, pesquisa e extens\u00e3o, a CE\u00c1SIA tem como objetivo disseminar o conhecimento sobre o continente dentro e fora da Universidade Federal de Pernambuco. Suas curadorias possuem [&hellip;]<\/p>\n","protected":false},"author":1,"featured_media":0,"parent":0,"menu_order":0,"comment_status":"closed","ping_status":"closed","template":"","meta":{"_editorskit_title_hidden":false,"_editorskit_reading_time":1,"_editorskit_is_block_options_detached":false,"_editorskit_block_options_position":"{}","_monsterinsights_skip_tracking":false,"_monsterinsights_sitenote_active":false,"_monsterinsights_sitenote_note":"","_monsterinsights_sitenote_category":0},"_links":{"self":[{"href":"https:\/\/ceasiaufpe.com.br\/index.php?rest_route=\/wp\/v2\/pages\/2778"}],"collection":[{"href":"https:\/\/ceasiaufpe.com.br\/index.php?rest_route=\/wp\/v2\/pages"}],"about":[{"href":"https:\/\/ceasiaufpe.com.br\/index.php?rest_route=\/wp\/v2\/types\/page"}],"author":[{"embeddable":true,"href":"https:\/\/ceasiaufpe.com.br\/index.php?rest_route=\/wp\/v2\/users\/1"}],"replies":[{"embeddable":true,"href":"https:\/\/ceasiaufpe.com.br\/index.php?rest_route=%2Fwp%2Fv2%2Fcomments&post=2778"}],"version-history":[{"count":5,"href":"https:\/\/ceasiaufpe.com.br\/index.php?rest_route=\/wp\/v2\/pages\/2778\/revisions"}],"predecessor-version":[{"id":6608,"href":"https:\/\/ceasiaufpe.com.br\/index.php?rest_route=\/wp\/v2\/pages\/2778\/revisions\/6608"}],"wp:attachment":[{"href":"https:\/\/ceasiaufpe.com.br\/index.php?rest_route=%2Fwp%2Fv2%2Fmedia&parent=2778"}],"curies":[{"name":"wp","href":"https:\/\/api.w.org\/{rel}","templated":true}]}}