{"id":2775,"date":"2021-07-14T23:10:27","date_gmt":"2021-07-14T23:10:27","guid":{"rendered":"https:\/\/ceasiaufpe.wordpress.com\/?page_id=2775"},"modified":"2021-08-25T19:48:40","modified_gmt":"2021-08-25T22:48:40","slug":"instituicoes-parceiras","status":"publish","type":"page","link":"https:\/\/ceasiaufpe.com.br\/?page_id=2775","title":{"rendered":"Institui\u00e7\u00f5es Parceiras"},"content":{"rendered":"\n<div class=\"wp-block-columns\">\n<div class=\"wp-block-column\" style=\"flex-basis:100%\">\n<div class=\"wp-block-columns\">\n<div class=\"wp-block-column\">\n<div class=\"wp-block-image is-style-default\"><figure class=\"aligncenter size-large is-resized\"><a href=\"https:\/\/ceasiaufpe.files.wordpress.com\/2021\/07\/logo-ceauff-2021-positivo-3-1.png\"><img loading=\"lazy\" src=\"https:\/\/ceasiaufpe.files.wordpress.com\/2021\/07\/logo-ceauff-2021-positivo-3-1.png?w=1024\" alt=\"\" class=\"wp-image-3268\" width=\"150\" height=\"150\"\/><\/a><figcaption><a rel=\"noreferrer noopener\" href=\"https:\/\/ceauff.wixsite.com\/ceauff\" target=\"_blank\" class=\"ek-link\">CEA-UFF<\/a><\/figcaption><\/figure><\/div>\n<\/div>\n\n\n\n<div class=\"wp-block-column\">\n<div class=\"wp-block-image is-style-editorskit-circular\"><figure class=\"aligncenter size-full is-resized\"><a href=\"http:\/\/ceasiaufpe.com.br\/wp-content\/uploads\/2021\/08\/asa.jpg\"><img loading=\"lazy\" src=\"http:\/\/ceasiaufpe.com.br\/wp-content\/uploads\/2021\/08\/asa.jpg\" alt=\"\" class=\"wp-image-3905\" width=\"150\" height=\"150\" srcset=\"https:\/\/ceasiaufpe.com.br\/wp-content\/uploads\/2021\/08\/asa.jpg 900w, https:\/\/ceasiaufpe.com.br\/wp-content\/uploads\/2021\/08\/asa-300x300.jpg 300w, https:\/\/ceasiaufpe.com.br\/wp-content\/uploads\/2021\/08\/asa-150x150.jpg 150w, https:\/\/ceasiaufpe.com.br\/wp-content\/uploads\/2021\/08\/asa-768x768.jpg 768w, https:\/\/ceasiaufpe.com.br\/wp-content\/uploads\/2021\/08\/asa-88x88.jpg 88w, https:\/\/ceasiaufpe.com.br\/wp-content\/uploads\/2021\/08\/asa-816x816.jpg 816w\" sizes=\"(max-width: 150px) 100vw, 150px\" \/><\/a><figcaption><a aria-label=\" (opens in a new tab)\" href=\"http:\/\/www.asabrasil.org.br\/component\/tags\/tag\/pe\" target=\"_blank\" rel=\"noreferrer noopener\" class=\"ek-link\">Articula\u00e7\u00e3o Semi\u00e1rido Pernambucano &#8211; ASA\/PE<\/a><\/figcaption><\/figure><\/div>\n<\/div>\n<\/div>\n\n\n\n<div class=\"wp-block-columns\">\n<div class=\"wp-block-column\">\n<div class=\"wp-block-image is-style-editorskit-circular\"><figure class=\"aligncenter size-thumbnail is-resized\"><a href=\"http:\/\/ceasiaufpe.com.br\/wp-content\/uploads\/2021\/08\/sabia.png\"><img loading=\"lazy\" src=\"https:\/\/ceasiaufpe.com.br\/wp-content\/uploads\/2021\/08\/sabia-150x150.png\" alt=\"\" class=\"wp-image-3906\" width=\"130\" height=\"130\" srcset=\"https:\/\/ceasiaufpe.com.br\/wp-content\/uploads\/2021\/08\/sabia-150x150.png 150w, https:\/\/ceasiaufpe.com.br\/wp-content\/uploads\/2021\/08\/sabia-300x300.png 300w, https:\/\/ceasiaufpe.com.br\/wp-content\/uploads\/2021\/08\/sabia-88x88.png 88w, https:\/\/ceasiaufpe.com.br\/wp-content\/uploads\/2021\/08\/sabia.png 400w\" sizes=\"(max-width: 130px) 100vw, 130px\" \/><\/a><figcaption><a href=\"https:\/\/centrosabia.org.br\/\" target=\"_blank\" aria-label=\" (opens in a new tab)\" rel=\"noreferrer noopener\" class=\"ek-link\">Centro de Desenvolvimento Agroecol\u00f3gico Sabi\u00e1<\/a><\/figcaption><\/figure><\/div>\n<\/div>\n\n\n\n<div class=\"wp-block-column\">\n<div class=\"wp-block-image is-style-default\"><figure class=\"aligncenter size-full is-resized\"><a href=\"http:\/\/ceasiaufpe.com.br\/wp-content\/uploads\/2021\/08\/Syracuse-Falk-Logo.png\"><img loading=\"lazy\" src=\"https:\/\/ceasiaufpe.com.br\/wp-content\/uploads\/2021\/08\/Syracuse-Falk-Logo.png\" alt=\"\" class=\"wp-image-3907\" width=\"196\" height=\"110\" srcset=\"https:\/\/ceasiaufpe.com.br\/wp-content\/uploads\/2021\/08\/Syracuse-Falk-Logo.png 600w, https:\/\/ceasiaufpe.com.br\/wp-content\/uploads\/2021\/08\/Syracuse-Falk-Logo-300x169.png 300w\" sizes=\"(max-width: 196px) 100vw, 196px\" \/><\/a><figcaption><a href=\"https:\/\/surface.syr.edu\/nsd\/\" target=\"_blank\" aria-label=\" (opens in a new tab)\" rel=\"noreferrer noopener\" class=\"ek-link\">Department of Nutrition and Food Studies in the Falk College of Sport and Human<br>Dynamics at Syracuse University<\/a><\/figcaption><\/figure><\/div>\n<\/div>\n<\/div>\n\n\n\n<div class=\"wp-block-columns\">\n<div class=\"wp-block-column\">\n<div class=\"wp-block-image is-style-rounded\"><figure class=\"aligncenter size-full is-resized\"><a href=\"http:\/\/ceasiaufpe.com.br\/wp-content\/uploads\/2021\/08\/download.jpg\"><img loading=\"lazy\" src=\"http:\/\/ceasiaufpe.com.br\/wp-content\/uploads\/2021\/08\/download.jpg\" alt=\"\" class=\"wp-image-3887\" width=\"150\" height=\"150\" srcset=\"https:\/\/ceasiaufpe.com.br\/wp-content\/uploads\/2021\/08\/download.jpg 224w, https:\/\/ceasiaufpe.com.br\/wp-content\/uploads\/2021\/08\/download-150x150.jpg 150w, https:\/\/ceasiaufpe.com.br\/wp-content\/uploads\/2021\/08\/download-88x88.jpg 88w\" sizes=\"(max-width: 150px) 100vw, 150px\" \/><\/a><figcaption><a href=\"https:\/\/www.instagram.com\/fessanpe\/\" target=\"_blank\" aria-label=\" (opens in a new tab)\" rel=\"noreferrer noopener\" class=\"ek-link\">F\u00f3rum Estadual de Seguran\u00e7a Alimentar e Nutricional de Pernambuco \u2013<br>FESSAN\/PE<\/a><\/figcaption><\/figure><\/div>\n<\/div>\n\n\n\n<div class=\"wp-block-column\">\n<div class=\"wp-block-image is-style-rounded\"><figure class=\"aligncenter size-full is-resized\"><a href=\"http:\/\/ceasiaufpe.com.br\/wp-content\/uploads\/2021\/08\/189438954_4153960164663697_6829553614736162343_n.png\"><img loading=\"lazy\" src=\"https:\/\/ceasiaufpe.com.br\/wp-content\/uploads\/2021\/08\/189438954_4153960164663697_6829553614736162343_n-edited.png\" alt=\"\" class=\"wp-image-3902\" width=\"150\" height=\"150\" srcset=\"https:\/\/ceasiaufpe.com.br\/wp-content\/uploads\/2021\/08\/189438954_4153960164663697_6829553614736162343_n-edited.png 459w, https:\/\/ceasiaufpe.com.br\/wp-content\/uploads\/2021\/08\/189438954_4153960164663697_6829553614736162343_n-edited-300x300.png 300w, https:\/\/ceasiaufpe.com.br\/wp-content\/uploads\/2021\/08\/189438954_4153960164663697_6829553614736162343_n-edited-150x150.png 150w, https:\/\/ceasiaufpe.com.br\/wp-content\/uploads\/2021\/08\/189438954_4153960164663697_6829553614736162343_n-edited-88x88.png 88w\" sizes=\"(max-width: 150px) 100vw, 150px\" \/><\/a><figcaption><a href=\"https:\/\/www.facebook.com\/institutopopularfreicaneca\/\" target=\"_blank\" aria-label=\" (opens in a new tab)\" rel=\"noreferrer noopener\" class=\"ek-link\">Instituto Popular Frei Caneca<\/a><\/figcaption><\/figure><\/div>\n<\/div>\n<\/div>\n\n\n\n<div class=\"wp-block-columns\">\n<div class=\"wp-block-column\">\n<div class=\"wp-block-image is-style-rounded\"><figure class=\"aligncenter size-full is-resized\"><a href=\"http:\/\/ceasiaufpe.com.br\/wp-content\/uploads\/2021\/08\/logo.png\"><img loading=\"lazy\" src=\"http:\/\/ceasiaufpe.com.br\/wp-content\/uploads\/2021\/08\/logo.png\" alt=\"\" class=\"wp-image-3889\" width=\"150\" height=\"150\" srcset=\"https:\/\/ceasiaufpe.com.br\/wp-content\/uploads\/2021\/08\/logo.png 200w, https:\/\/ceasiaufpe.com.br\/wp-content\/uploads\/2021\/08\/logo-150x150.png 150w, https:\/\/ceasiaufpe.com.br\/wp-content\/uploads\/2021\/08\/logo-88x88.png 88w\" sizes=\"(max-width: 150px) 100vw, 150px\" \/><\/a><figcaption><a href=\"https:\/\/mpabrasil.org.br\/\" target=\"_blank\" aria-label=\" (opens in a new tab)\" rel=\"noreferrer noopener\" class=\"ek-link\">Movimento dos Pequenos Agricultores \u2013 MPA<\/a><\/figcaption><\/figure><\/div>\n<\/div>\n\n\n\n<div class=\"wp-block-column\">\n<div class=\"wp-block-image is-style-default\"><figure class=\"aligncenter size-full is-resized\"><a href=\"http:\/\/ceasiaufpe.com.br\/wp-content\/uploads\/2021\/08\/Capturar.png\"><img loading=\"lazy\" src=\"http:\/\/ceasiaufpe.com.br\/wp-content\/uploads\/2021\/08\/Capturar.png\" alt=\"\" class=\"wp-image-3891\" width=\"150\" height=\"150\" srcset=\"https:\/\/ceasiaufpe.com.br\/wp-content\/uploads\/2021\/08\/Capturar-150x150.png 150w, https:\/\/ceasiaufpe.com.br\/wp-content\/uploads\/2021\/08\/Capturar-88x88.png 88w\" sizes=\"(max-width: 150px) 100vw, 150px\" \/><\/a><figcaption>SISAN Universidades UFRPE \u2013 UFPB \u2013 UFRN<\/figcaption><\/figure><\/div>\n\n\n\n<p><\/p>\n<\/div>\n<\/div>\n\n\n\n<div class=\"wp-block-columns\">\n<div class=\"wp-block-column\">\n<div class=\"wp-block-image is-style-rounded\"><figure class=\"aligncenter size-full is-resized\"><a href=\"https:\/\/ceasiaufpe.com.br\/wp-content\/uploads\/2021\/08\/Sem-titulo.png\"><img loading=\"lazy\" src=\"https:\/\/ceasiaufpe.com.br\/wp-content\/uploads\/2021\/08\/Sem-titulo.png\" alt=\"\" class=\"wp-image-3926\" width=\"184\" height=\"184\" srcset=\"https:\/\/ceasiaufpe.com.br\/wp-content\/uploads\/2021\/08\/Sem-titulo.png 403w, https:\/\/ceasiaufpe.com.br\/wp-content\/uploads\/2021\/08\/Sem-titulo-300x300.png 300w, https:\/\/ceasiaufpe.com.br\/wp-content\/uploads\/2021\/08\/Sem-titulo-150x150.png 150w, https:\/\/ceasiaufpe.com.br\/wp-content\/uploads\/2021\/08\/Sem-titulo-88x88.png 88w\" sizes=\"(max-width: 184px) 100vw, 184px\" \/><\/a><figcaption><a href=\"http:\/\/www.portais.pe.gov.br\/web\/semas\/a-secretaria\" class=\"ek-link\">Secretaria de Meio Ambiente e Sustentabilidade &#8211; SEMAS<\/a><\/figcaption><\/figure><\/div>\n<\/div>\n\n\n\n<div class=\"wp-block-column\">\n<div class=\"wp-block-image is-style-rounded\"><figure class=\"aligncenter size-full is-resized\"><a href=\"http:\/\/ceasiaufpe.com.br\/wp-content\/uploads\/2021\/08\/revista.png\"><img loading=\"lazy\" src=\"http:\/\/ceasiaufpe.com.br\/wp-content\/uploads\/2021\/08\/revista.png\" alt=\"\" class=\"wp-image-3914\" width=\"150\" height=\"150\" srcset=\"https:\/\/ceasiaufpe.com.br\/wp-content\/uploads\/2021\/08\/revista-150x150.png 150w, https:\/\/ceasiaufpe.com.br\/wp-content\/uploads\/2021\/08\/revista-88x88.png 88w\" sizes=\"(max-width: 150px) 100vw, 150px\" \/><\/a><figcaption><a href=\"https:\/\/sites.google.com\/view\/portalleste\/in%C3%ADcio\" class=\"ek-link\">Revista Leste<\/a><\/figcaption><\/figure><\/div>\n<\/div>\n<\/div>\n\n\n\n<div class=\"wp-block-columns\">\n<div class=\"wp-block-column\">\n<div class=\"wp-block-image caption-align-center is-style-rounded\"><figure class=\"aligncenter size-full is-resized\"><a href=\"http:\/\/ceasiaufpe.com.br\/wp-content\/uploads\/2021\/08\/gesha-1.png\"><img loading=\"lazy\" src=\"https:\/\/ceasiaufpe.com.br\/wp-content\/uploads\/2021\/08\/gesha-1-edited.png\" alt=\"\" class=\"wp-image-3912\" width=\"150\" height=\"150\" srcset=\"https:\/\/ceasiaufpe.com.br\/wp-content\/uploads\/2021\/08\/gesha-1-edited.png 521w, https:\/\/ceasiaufpe.com.br\/wp-content\/uploads\/2021\/08\/gesha-1-edited-300x300.png 300w, https:\/\/ceasiaufpe.com.br\/wp-content\/uploads\/2021\/08\/gesha-1-edited-150x150.png 150w, https:\/\/ceasiaufpe.com.br\/wp-content\/uploads\/2021\/08\/gesha-1-edited-88x88.png 88w\" sizes=\"(max-width: 150px) 100vw, 150px\" \/><\/a><figcaption><a href=\"https:\/\/sites.google.com\/view\/geshaufpe\/p%C3%A1gina-inicial\" class=\"ek-link\">Grupo de Estudos sobre Hist\u00f3ria da \u00c1sia<\/a><\/figcaption><\/figure><\/div>\n<\/div>\n\n\n\n<div class=\"wp-block-column\">\n<div class=\"wp-block-image caption-align-center is-style-rounded\"><figure class=\"aligncenter size-full is-resized\"><a href=\"(https:\/\/www.acjr.com.br\/ ; https:\/\/www.facebook.com\/associacaoculturaljaponesadorecife\/; https:\/\/www.instagram.com\/acjr_rec\/\"><img loading=\"lazy\" src=\"https:\/\/ceasiaufpe.com.br\/wp-content\/uploads\/2021\/08\/ACJR.png\" alt=\"\" class=\"wp-image-3956\" width=\"150\" height=\"150\" srcset=\"https:\/\/ceasiaufpe.com.br\/wp-content\/uploads\/2021\/08\/ACJR.png 320w, https:\/\/ceasiaufpe.com.br\/wp-content\/uploads\/2021\/08\/ACJR-300x300.png 300w, https:\/\/ceasiaufpe.com.br\/wp-content\/uploads\/2021\/08\/ACJR-150x150.png 150w, https:\/\/ceasiaufpe.com.br\/wp-content\/uploads\/2021\/08\/ACJR-88x88.png 88w\" sizes=\"(max-width: 150px) 100vw, 150px\" \/><\/a><figcaption><a href=\"http:\/\/(https:\/\/www.acjr.com.br\/ ; https:\/\/www.facebook.com\/associacaoculturaljaponesadorecife\/; https:\/\/www.instagram.com\/acjr_rec\/\" class=\"ek-link\">Associa\u00e7\u00e3o Cultural Japonesa do Recife (ACJR)<\/a><\/figcaption><\/figure><\/div>\n<\/div>\n<\/div>\n<\/div>\n<\/div>\n\n\n\n<div class=\"wp-block-columns\">\n<div class=\"wp-block-column\">\n<div class=\"wp-block-image is-style-editorskit-circular\"><figure class=\"aligncenter size-large is-resized\"><img loading=\"lazy\" src=\"http:\/\/ceasiaufpe.com.br\/wp-content\/uploads\/2021\/08\/ANBEJ-1-1024x803.png\" alt=\"\" class=\"wp-image-3960\" width=\"150\" height=\"150\" srcset=\"https:\/\/ceasiaufpe.com.br\/wp-content\/uploads\/2021\/08\/ANBEJ-1-150x150.png 150w, https:\/\/ceasiaufpe.com.br\/wp-content\/uploads\/2021\/08\/ANBEJ-1-88x88.png 88w\" sizes=\"(max-width: 150px) 100vw, 150px\" \/><figcaption><a href=\"https:\/\/www.facebook.com\/ANBEJ-615322302669188\/; https:\/\/anbej.ong.br\/noticias\/\" class=\"ek-link\">Associa\u00e7\u00e3o Nordestina de Ex-Bolsistas e Estagi\u00e1rios no Jap\u00e3o (ANBEJ)<\/a><\/figcaption><\/figure><\/div>\n<\/div>\n\n\n\n<div class=\"wp-block-column\">\n<div class=\"wp-block-image is-style-editorskit-circular\"><figure class=\"aligncenter size-full is-resized\"><img loading=\"lazy\" src=\"https:\/\/ceasiaufpe.com.br\/wp-content\/uploads\/2021\/08\/fotnlc04.10.19.png\" alt=\"\" class=\"wp-image-3961\" width=\"150\" height=\"150\" srcset=\"https:\/\/ceasiaufpe.com.br\/wp-content\/uploads\/2021\/08\/fotnlc04.10.19.png 336w, https:\/\/ceasiaufpe.com.br\/wp-content\/uploads\/2021\/08\/fotnlc04.10.19-300x300.png 300w, https:\/\/ceasiaufpe.com.br\/wp-content\/uploads\/2021\/08\/fotnlc04.10.19-150x150.png 150w, https:\/\/ceasiaufpe.com.br\/wp-content\/uploads\/2021\/08\/fotnlc04.10.19-88x88.png 88w\" sizes=\"(max-width: 150px) 100vw, 150px\" \/><figcaption><a href=\"https:\/\/www.instagram.com\/nlc.ufpe\/?hl=pt-br\" class=\"ek-link\">N\u00facleo de L\u00ednguas e Culturas &#8211; UFPE<\/a><\/figcaption><\/figure><\/div>\n<\/div>\n<\/div>\n\n\n\n<div class=\"wp-block-image is-style-editorskit-circular\"><figure class=\"aligncenter size-large is-resized\"><img loading=\"lazy\" src=\"https:\/\/ceasiaufpe.com.br\/wp-content\/uploads\/2021\/08\/ANBEJ-2-1024x803.png\" alt=\"\" class=\"wp-image-3964\" width=\"150\" height=\"150\" srcset=\"https:\/\/ceasiaufpe.com.br\/wp-content\/uploads\/2021\/08\/ANBEJ-2-150x150.png 150w, https:\/\/ceasiaufpe.com.br\/wp-content\/uploads\/2021\/08\/ANBEJ-2-88x88.png 88w\" sizes=\"(max-width: 150px) 100vw, 150px\" \/><figcaption><a href=\"https:\/\/www.recife.br.emb-japan.go.jp\/itprtop_pt\/index.html; https:\/\/www.facebook.com\/ConsuladoGeraldoJapaonoRecife\/; https:\/\/www.instagram.com\/consuladogeraldojapao_recife\/\" class=\"ek-link\">Consulado Geral do Jap\u00e3o no Recife<\/a><\/figcaption><\/figure><\/div>\n","protected":false},"excerpt":{"rendered":"","protected":false},"author":1,"featured_media":0,"parent":0,"menu_order":0,"comment_status":"closed","ping_status":"closed","template":"","meta":{"_editorskit_title_hidden":false,"_editorskit_reading_time":1,"_editorskit_is_block_options_detached":false,"_editorskit_block_options_position":"{}","_monsterinsights_skip_tracking":false,"_monsterinsights_sitenote_active":false,"_monsterinsights_sitenote_note":"","_monsterinsights_sitenote_category":0},"_links":{"self":[{"href":"https:\/\/ceasiaufpe.com.br\/index.php?rest_route=\/wp\/v2\/pages\/2775"}],"collection":[{"href":"https:\/\/ceasiaufpe.com.br\/index.php?rest_route=\/wp\/v2\/pages"}],"about":[{"href":"https:\/\/ceasiaufpe.com.br\/index.php?rest_route=\/wp\/v2\/types\/page"}],"author":[{"embeddable":true,"href":"https:\/\/ceasiaufpe.com.br\/index.php?rest_route=\/wp\/v2\/users\/1"}],"replies":[{"embeddable":true,"href":"https:\/\/ceasiaufpe.com.br\/index.php?rest_route=%2Fwp%2Fv2%2Fcomments&post=2775"}],"version-history":[{"count":13,"href":"https:\/\/ceasiaufpe.com.br\/index.php?rest_route=\/wp\/v2\/pages\/2775\/revisions"}],"predecessor-version":[{"id":3967,"href":"https:\/\/ceasiaufpe.com.br\/index.php?rest_route=\/wp\/v2\/pages\/2775\/revisions\/3967"}],"wp:attachment":[{"href":"https:\/\/ceasiaufpe.com.br\/index.php?rest_route=%2Fwp%2Fv2%2Fmedia&parent=2775"}],"curies":[{"name":"wp","href":"https:\/\/api.w.org\/{rel}","templated":true}]}}